{"id":12001,"date":"2022-12-31T10:42:25","date_gmt":"2022-12-31T08:42:25","guid":{"rendered":"http:\/\/fengshui-chinois-conseils.com\/?page_id=12001"},"modified":"2023-03-10T17:34:39","modified_gmt":"2023-03-10T15:34:39","slug":"se-former-au-feng-shui","status":"publish","type":"page","link":"http:\/\/fengshui-chinois-conseils.com\/index.php\/se-former-au-feng-shui\/","title":{"rendered":"Se former au feng shui"},"content":{"rendered":"\n<p>Apprendre le feng shui est un long travail qui n\u00e9cessite de suivre les enseignements \u00e9tape par \u00e9tape. <\/p>\n\n\n\n<p class=\"has-text-align-center\" style=\"font-size:21px\"><strong>Cette formation compl\u00e8te am\u00e8ne au niveau de consultant en feng shui.<\/strong><\/p>\n\n\n\n<p>1 &#8211; Le Feng Shui de la m\u00e9thode San He ou m\u00e9thode des 3 harmonies.<\/p>\n\n\n\n<p>2 &#8211; Le Feng Shui de la m\u00e9thode San Yuan ou m\u00e9thode des 3 cycles.<\/p>\n\n\n\n<p>Le San He et le San Yuan sont deux m\u00e9thodes diff\u00e9rentes de feng shui qui se compl\u00e8tent.<\/p>\n\n\n\n<hr class=\"wp-block-separator has-alpha-channel-opacity is-style-wide\"\/>\n\n\n\n<h2 class=\"has-text-align-center wp-block-heading\">LE FENG SHUI SAN HE<\/h2>\n\n\n\n<p>Ce cours provient de l&rsquo;enseignement de Grand Master Yap Cheng Hai qui \u00e9tait reconnu comme l&rsquo;un des grands ma\u00eetre de San He en Malaisie.<\/p>\n\n\n\n<p class=\"has-text-align-center\"><strong>Dur\u00e9e totale de la formation 10 jours qui aboutit au dipl\u00f4me de consultant en feng shui de la m\u00e9thode San He<\/strong><\/p>\n\n\n\n<p class=\"has-black-color has-text-color\"><\/p>\n\n\n<div class=\"wp-block-image\">\n<figure class=\"aligncenter size-large\"><img loading=\"lazy\" decoding=\"async\" width=\"340\" height=\"227\" src=\"http:\/\/fengshui-chinois-conseils.com\/wp-content\/uploads\/2021\/03\/formation-feng-shui-ma\u00eetre-gerard-landier-france.jpg\" alt=\"\" class=\"wp-image-11749\" srcset=\"http:\/\/fengshui-chinois-conseils.com\/wp-content\/uploads\/2021\/03\/formation-feng-shui-ma\u00eetre-gerard-landier-france.jpg 340w, http:\/\/fengshui-chinois-conseils.com\/wp-content\/uploads\/2021\/03\/formation-feng-shui-ma\u00eetre-gerard-landier-france-300x200.jpg 300w, http:\/\/fengshui-chinois-conseils.com\/wp-content\/uploads\/2021\/03\/formation-feng-shui-ma\u00eetre-gerard-landier-france-272x182.jpg 272w\" sizes=\"auto, (max-width: 340px) 100vw, 340px\" \/><\/figure>\n<\/div>\n\n\n<p>La premi\u00e8re \u00e9tape est l&rsquo;apprentissage de la m\u00e9thode du San He \u4e09\u5408 ou des 3 harmonies. Cet enseignement permet d&rsquo;apprendre les bases du feng shui en comprenant les bases de la cosmologie tao\u00efste chinoise. Cet enseignement sera votre fil d&rsquo;Ariane qui vous permettra d&rsquo;avancer dans le monde du feng shui avec assurance.<\/p>\n\n\n\n<hr class=\"wp-block-separator has-css-opacity\"\/>\n\n\n\n<h3 class=\"has-text-align-center wp-block-heading\">San He &#8211; Module 1 &#8211; L&rsquo;int\u00e9rieur 1\/2<\/h3>\n\n\n<div class=\"wp-block-image\">\n<figure class=\"aligncenter size-large is-resized\"><img loading=\"lazy\" decoding=\"async\" src=\"http:\/\/fengshui-chinois-conseils.com\/wp-content\/uploads\/2022\/12\/formation-feng-shui-San-He-833x1024.jpg\" alt=\"\" class=\"wp-image-12007\" width=\"300\" height=\"373\"\/><\/figure>\n<\/div>\n\n\n<div class=\"wp-block-columns is-layout-flex wp-container-core-columns-is-layout-9d6595d7 wp-block-columns-is-layout-flex\">\n<div class=\"wp-block-column is-layout-flow wp-block-column-is-layout-flow\">\n<p><strong>Le Feng Shui:<\/strong><\/p>\n\n\n\n<ul class=\"wp-block-list\">\n<li>D\u00e9finition<\/li>\n\n\n\n<li>Origine<\/li>\n\n\n\n<li>Ethique<\/li>\n\n\n\n<li>Philosophie<\/li>\n\n\n\n<li>Les syst\u00e8mes d\u2019analyses<\/li>\n<\/ul>\n\n\n\n<p><strong>La cosmologie tao\u00efste<\/strong><\/p>\n\n\n\n<ul class=\"wp-block-list\">\n<li>Le Yi Jing (\u6613\u7d93) , livre des transformations<\/li>\n\n\n\n<li>La trinit\u00e9 cosmique<\/li>\n\n\n\n<li>Le Qi (\u6c23) ou souffle vital<\/li>\n\n\n\n<li>Le Tai Ji (\u592a\u6a5f), Yin (\u9670 )Yang (\u967d)<\/li>\n\n\n\n<li>Le Ba Gua (\u516b\u5366) ou les 8 trigrammes<\/li>\n\n\n\n<li>Le Ciel Ant\u00e9rieur<\/li>\n\n\n\n<li>Le Ciel Post\u00e9rieur<\/li>\n\n\n\n<li>Le Wu Jing(\u4e94\u884c) ou 5 transformations du Qi<br><\/li>\n\n\n\n<li>Le He Tu (\u6cb3\u5716)<\/li>\n\n\n\n<li>Le Luo Shu (\u6d1b\u66f8)<\/li>\n\n\n\n<li>Relations dans le Ciel Ant\u00e9rieur (\u5148\u5929\u516b\u5366)<\/li>\n\n\n\n<li>Relations dans le le Ciel Post\u00e9rieur( \u5f8c\u5929\u516b\u5366)<\/li>\n<\/ul>\n<\/div>\n\n\n\n<div class=\"wp-block-column is-layout-flow wp-block-column-is-layout-flow\">\n<p><strong>La m\u00e9thodologie:<\/strong><\/p>\n\n\n\n<ul class=\"wp-block-list\">\n<li>Sheng Qi (\u751f\u6c23), Sha Qi (\u715e\u6c23) bon Qi ou mauvais Qi.<\/li>\n\n\n\n<li>Les facteurs actifs du Feng Shui, le paysage, la maison, la personne, le temps.<\/li>\n\n\n\n<li>Emplacement, direction.<\/li>\n\n\n\n<li>Le Luo Pan (\u7f57\u6f58), votre unique outil de travail.<\/li>\n<\/ul>\n\n\n\n<p><strong>Le Paysage:<\/strong><\/p>\n\n\n\n<ul class=\"wp-block-list\">\n<li>le San He (\u4e09\u5408) ou les 3 harmonies.<\/li>\n\n\n\n<li>\u2013 les animaux c\u00e9lestes.<\/li>\n<\/ul>\n\n\n\n<p><strong>La Maison:<\/strong><\/p>\n\n\n\n<ul class=\"wp-block-list\">\n<li>Choisir un emplacement.<\/li>\n\n\n\n<li>D\u00e9finir sa forme.<\/li>\n\n\n\n<li>Agencement.<\/li>\n\n\n\n<li>D\u00e9coration.<\/li>\n<\/ul>\n<\/div>\n<\/div>\n\n\n\n<h3 class=\"has-text-align-center wp-block-heading\">Dur\u00e9e de la formation: 2 jours<\/h3>\n\n\n\n<div class=\"wp-block-buttons is-horizontal is-content-justification-center is-layout-flex wp-container-core-buttons-is-layout-499968f5 wp-block-buttons-is-layout-flex\">\n<div class=\"wp-block-button is-style-outline is-style-outline--1\"><a class=\"wp-block-button__link wp-element-button\" href=\"http:\/\/www.fengshui-chinois-conseils.com\/#contact\" target=\"_blank\" rel=\"http:\/\/www.fengshui-chinois-conseils.com\/#contact noopener\">Demander une formation<\/a><\/div>\n<\/div>\n\n\n\n<div class=\"wp-block-group\"><div class=\"wp-block-group__inner-container is-layout-flow wp-block-group-is-layout-flow\">\n<hr class=\"wp-block-separator has-css-opacity\"\/>\n<\/div><\/div>\n\n\n\n<h3 class=\"has-text-align-center wp-block-heading\">San He &#8211; Module 2 &#8211; L&rsquo;int\u00e9rieur 2\/2<\/h3>\n\n\n<div class=\"wp-block-image\">\n<figure class=\"aligncenter size-large is-resized\"><img loading=\"lazy\" decoding=\"async\" src=\"http:\/\/fengshui-chinois-conseils.com\/wp-content\/uploads\/2022\/12\/formation-feng-shui-San-He-normandie-836x1024.jpg\" alt=\"\" class=\"wp-image-12011\" width=\"300\" height=\"381\"\/><\/figure>\n<\/div>\n\n\n<div class=\"wp-block-columns is-layout-flex wp-container-core-columns-is-layout-9d6595d7 wp-block-columns-is-layout-flex\">\n<div class=\"wp-block-column is-layout-flow wp-block-column-is-layout-flow\">\n<p><strong>La person<\/strong>ne<\/p>\n\n\n\n<ul class=\"wp-block-list\">\n<li>Les 8 trigrammes<\/li>\n\n\n\n<li>Effet des secteurs manquants sur l\u2019habitant.<\/li>\n<\/ul>\n\n\n\n<p><strong>Le Ba Zhai ou les 8 maisons<\/strong><\/p>\n\n\n\n<ul class=\"wp-block-list\">\n<li>Groupe est, groupe ouest<\/li>\n\n\n\n<li>Ming Gua ou trigramme de vie<\/li>\n\n\n\n<li>Calcul du Ming Gua<\/li>\n\n\n\n<li>4 qualit\u00e9s de Qi positifs.<\/li>\n\n\n\n<li>4 qualit\u00e9s de Qi n\u00e9gatifs.<\/li>\n\n\n\n<li>Les Emplacements en Ba Zhai.<\/li>\n\n\n\n<li>Les Directions en Ba Zhai.<\/li>\n\n\n\n<li>Les 24 Montagnes du Plateau de la Terre<\/li>\n\n\n\n<li>Les 3 harmonies.<\/li>\n\n\n\n<li>Na Jia, l\u2019attribut secret.<\/li>\n\n\n\n<li>Les r\u00e9f\u00e9rences compl\u00e8tes des Trigrammes.<\/li>\n\n\n\n<li>Les Directions pour les 8 Guas.<\/li>\n\n\n\n<li>Applications<\/li>\n\n\n\n<li>Les facteurs cl\u00e9s.<\/li>\n\n\n\n<li>Harmoniser Groupe Est et Groupe Ouest.<\/li>\n\n\n\n<li>Effet de suppression du Qi.<\/li>\n<\/ul>\n\n\n\n<p><strong>Le temps en San He<\/strong><\/p>\n\n\n\n<ul class=\"wp-block-list\">\n<li>10 Troncs C\u00e9lestes<\/li>\n\n\n\n<li>12 Branches Terrestres<\/li>\n\n\n\n<li>Relations entre les Branches<\/li>\n\n\n\n<li>Les 6 soutiens<\/li>\n\n\n\n<li>Les 6 affrontements<\/li>\n\n\n\n<li>Les 6 Blessures<\/li>\n\n\n\n<li>Les 60 Jia Zi<\/li>\n\n\n\n<li>Temporalit\u00e9 du Ba Zhai.<\/li>\n<\/ul>\n<\/div>\n\n\n\n<div class=\"wp-block-column is-layout-flow wp-block-column-is-layout-flow\">\n<p><strong>S\u00e9lection de dates<\/strong><\/p>\n\n\n\n<ul class=\"wp-block-list\">\n<li>Le Soleil Touchant la Montagne<\/li>\n<\/ul>\n\n\n\n<p><strong>Les forces tueuses temporelle<\/strong>s<\/p>\n\n\n\n<ul class=\"wp-block-list\">\n<li>Tai Sui<\/li>\n\n\n\n<li>Sui Po<\/li>\n\n\n\n<li>San Sha ou les Trois Tueurs.<\/li>\n\n\n\n<li>Temporalit\u00e9 des afflictions temporelles.<\/li>\n\n\n\n<li>Jours Tueurs de Maitres.<\/li>\n<\/ul>\n\n\n\n<p><strong>Le Bazhai au bout des doigts<\/strong><\/p>\n\n\n\n<ul class=\"wp-block-list\">\n<li>M\u00e9thode du Palm Hand<\/li>\n<\/ul>\n\n\n\n<p><strong>La prise de mesure au Luo Pan<\/strong><\/p>\n\n\n\n<ul class=\"wp-block-list\">\n<li>Le Luo Pan, votre unique outil de travail.<\/li>\n\n\n\n<li>Utilisation du Luo pan<\/li>\n\n\n\n<li>Mesure d\u2019une porte d\u2019entr\u00e9e<\/li>\n\n\n\n<li>Mesure d\u2019une Eau entrante, sortante<\/li>\n\n\n\n<li>Mesure d\u2019un Dragon, d\u2019une Montagne<\/li>\n\n\n\n<li>Avoir une mesure fiable.<\/li>\n\n\n\n<li>Mesurer un Dragon de Montagnes<\/li>\n\n\n\n<li>Mesurer l\u2019Eau<\/li>\n<\/ul>\n\n\n\n<p><strong>Chinois utile<\/strong><\/p>\n\n\n\n<ul class=\"wp-block-list\">\n<li>Les 5 \u00e9l\u00e9ments<\/li>\n\n\n\n<li>Les 8 Guas<\/li>\n\n\n\n<li>Les 24 Montagnes<\/li>\n\n\n\n<li>Compter en chinois<\/li>\n<\/ul>\n\n\n\n<p><strong>Etude de cas<\/strong><\/p>\n<\/div>\n<\/div>\n\n\n\n<h3 class=\"has-text-align-center wp-block-heading\">Dur\u00e9e de la formation: 3 jours.<\/h3>\n\n\n\n<div class=\"wp-block-buttons is-horizontal is-content-justification-center is-layout-flex wp-container-core-buttons-is-layout-499968f5 wp-block-buttons-is-layout-flex\">\n<div class=\"wp-block-button is-style-outline is-style-outline--2\"><a class=\"wp-block-button__link wp-element-button\" href=\"http:\/\/www.fengshui-chinois-conseils.com\/#contact\" target=\"_blank\" rel=\"http:\/\/www.fengshui-chinois-conseils.com\/#contact noopener\">Demander une formation<\/a><\/div>\n<\/div>\n\n\n\n<hr class=\"wp-block-separator has-css-opacity\"\/>\n\n\n\n<h2 class=\"has-text-align-center wp-block-heading\">San He &#8211;  L&rsquo;ext\u00e9rieur<\/h2>\n\n\n<div class=\"wp-block-image\">\n<figure class=\"aligncenter size-large is-resized\"><img loading=\"lazy\" decoding=\"async\" src=\"http:\/\/fengshui-chinois-conseils.com\/wp-content\/uploads\/2022\/12\/formation-feng-shui-San-He-Paris-1-866x1024.jpg\" alt=\"\" class=\"wp-image-12021\" width=\"300\" height=\"373\"\/><\/figure>\n<\/div>\n\n\n<div class=\"wp-block-columns is-layout-flex wp-container-core-columns-is-layout-9d6595d7 wp-block-columns-is-layout-flex\">\n<div class=\"wp-block-column is-layout-flow wp-block-column-is-layout-flow\">\n<ul class=\"wp-block-list\">\n<li>Les Huit Palais de l\u2019Enfer (Ba Sha Huang Quan \u516b\u715e\u9ec4\u6cc9)<\/li>\n\n\n\n<li>Les Huit Routes de l\u2019Enfer (Ba Lu Huang Quan \u516b\u8def\u9ec4\u6cc9)<\/li>\n\n\n\n<li>Le Sha de la Fleur du P\u00eacher (Tao Hau Sha \u6843\u82b1\u715e)<\/li>\n\n\n\n<li>La Ch\u00e8vre Effray\u00e9e (Yang Ren \u7f8a\u5203)<\/li>\n\n\n\n<li>Les Trois Punitions (San Xing \u4e09\u5211)<\/li>\n\n\n\n<li>Les Six Blessures (Liu Hai \u516d\u5bb3)<\/li>\n\n\n\n<li>Les Quatre Destructions (Si Po \u56db\u7834)<\/li>\n\n\n\n<li>La Route du Joyau Pr\u00e9cieux<\/li>\n\n\n\n<li>Combinaison de croissance et de Succ\u00e8s<\/li>\n\n\n\n<li>Qi de Ciel Ant\u00e9rieur en position de Ciel Post\u00e9rieur<\/li>\n\n\n\n<li>Combinaison de Dix du Ciel Post\u00e9rieur<\/li>\n\n\n\n<li>Combinaison du Luo Shu<\/li>\n\n\n\n<li>Collecter la Montagne et rel\u00e2cher le Sha<\/li>\n\n\n\n<li>Les Neuf \u00e9toiles Tan Lang de la Montagne<\/li>\n\n\n\n<li>Les Neuf \u00e9toiles Tan Lang de l\u2019Eau<\/li>\n\n\n\n<li>Les Cinq Fant\u00f4mes apportant le Tr\u00e9sor<\/li>\n<\/ul>\n<\/div>\n\n\n\n<div class=\"wp-block-column is-layout-flow wp-block-column-is-layout-flow\">\n<p><strong>Les configurations ext\u00e9rieures du San Yuan<\/strong><\/p>\n\n\n\n<ul class=\"wp-block-list\">\n<li>Esprit Vrai et Esprit Faux<\/li>\n\n\n\n<li>La Montagne du Larcin<\/li>\n<\/ul>\n\n\n\n<p><strong>Th\u00e9orie<\/strong><\/p>\n\n\n\n<ul class=\"wp-block-list\">\n<li>Th\u00e9orie des 8 types de Qi en Ba Zhai<\/li>\n\n\n\n<li>Th\u00e9orie des 5 Fant\u00f4mes apportant le Tr\u00e9sor<\/li>\n\n\n\n<li>Th\u00e9orie de la transformation de l\u2019Etoile Errante Mineure = Tan Lang Montagne.<\/li>\n\n\n\n<li>Th\u00e9orie de la transformation de l\u2019Etoile Assistante = Tan Lang de l\u2019Eau.<\/li>\n<\/ul>\n<\/div>\n<\/div>\n\n\n\n<h3 class=\"has-text-align-center wp-block-heading\">Dur\u00e9e de la formation: 3 jours.<\/h3>\n\n\n\n<div class=\"wp-block-buttons is-horizontal is-content-justification-center is-layout-flex wp-container-core-buttons-is-layout-499968f5 wp-block-buttons-is-layout-flex\">\n<div class=\"wp-block-button is-style-outline is-style-outline--3\"><a class=\"wp-block-button__link wp-element-button\" href=\"http:\/\/www.fengshui-chinois-conseils.com\/#contact\" target=\"_blank\" rel=\"http:\/\/www.fengshui-chinois-conseils.com\/#contact noopener\">Demander une formation<\/a><\/div>\n<\/div>\n\n\n\n<h3 class=\"wp-block-heading\">&nbsp;&nbsp;<\/h3>\n\n\n\n<hr class=\"wp-block-separator has-css-opacity\"\/>\n\n\n\n<h2 class=\"has-text-align-center wp-block-heading\">Stage pratique San He<\/h2>\n\n\n\n<h3 class=\"has-text-align-center wp-block-heading\">Dur\u00e9e de la formation: 2 jours.<\/h3>\n\n\n\n<div class=\"wp-block-buttons is-horizontal is-content-justification-center is-layout-flex wp-container-core-buttons-is-layout-499968f5 wp-block-buttons-is-layout-flex\">\n<div class=\"wp-block-button is-style-outline is-style-outline--4\"><a class=\"wp-block-button__link wp-element-button\" href=\"http:\/\/www.fengshui-chinois-conseils.com\/#contact\" target=\"_blank\" rel=\"http:\/\/www.fengshui-chinois-conseils.com\/#contact noopener\">Demander une formation<\/a><\/div>\n<\/div>\n\n\n\n<hr class=\"wp-block-separator has-css-opacity is-style-wide\"\/>\n\n\n\n<h2 class=\"has-text-align-center wp-block-heading\">LE FENG SHUI SAN YUAN<\/h2>\n\n\n\n<p>Ce cours provient de l&rsquo;enseignement, de Grand Master Leyau reconnu comme l&rsquo;un des grands ma\u00eetre de San Yuan en Malaisie.<\/p>\n\n\n\n<p class=\"has-text-align-center\"><strong>Dur\u00e9e totale de la formation 7 jours qui aboutit au dipl\u00f4me de consultant en feng shui des m\u00e9thodes San Yuan et Xuan Kong Da Gua<\/strong>.<\/p>\n\n\n\n<hr class=\"wp-block-separator has-alpha-channel-opacity is-style-dots\"\/>\n\n\n\n<p>Le feng shui de la m\u00e9thode des trois cycles ou San Yuan regroupe la m\u00e9thode des \u00e9toiles volantes et du Xuan Kong Da Gua, qui s&rsquo;utilisent en int\u00e9rieur comme en ext\u00e9rieur.<\/p>\n\n\n\n<hr class=\"wp-block-separator has-alpha-channel-opacity is-style-default\"\/>\n\n\n\n<h2 class=\"has-text-align-center wp-block-heading\">San&nbsp;Yuan, module 1.<\/h2>\n\n\n\n<div class=\"wp-block-columns is-layout-flex wp-container-core-columns-is-layout-9d6595d7 wp-block-columns-is-layout-flex\">\n<div class=\"wp-block-column is-layout-flow wp-block-column-is-layout-flow\">\n<p><strong>Le San Yuan et le syst\u00e8me des \u00e9toiles volantes<\/strong><\/p>\n\n\n\n<ul class=\"wp-block-list\">\n<li>Les Etoiles Volantes, un peu d\u2019histoire<\/li>\n\n\n\n<li>Que sont les Etoiles Volantes<\/li>\n\n\n\n<li>Situer les diff\u00e9rents syst\u00e8mes d\u2019analyses.<\/li>\n<\/ul>\n\n\n\n<p><strong>Les bases<\/strong><\/p>\n\n\n\n<ul class=\"wp-block-list\">\n<li>Le San Yuan = les Trois Cycles<\/li>\n\n\n\n<li>Etoile Volante = Trigramme<\/li>\n\n\n\n<li>Attributs des 8 trigrammes<\/li>\n<\/ul>\n\n\n\n<p><strong>La m\u00e9thodologie<\/strong><\/p>\n\n\n\n<ul class=\"wp-block-list\">\n<li>Yin ou Yang il faut choisir<\/li>\n\n\n\n<li>Etoile faste ou n\u00e9faste<\/li>\n\n\n\n<li>Le White and Purple Script<\/li>\n\n\n\n<li>Classification des \u00e9toiles volantes<\/li>\n\n\n\n<li>Concept d\u2019H\u00f4te et de Visiteur<\/li>\n<\/ul>\n\n\n\n<p><strong>Le choix de la Fa\u00e7ade<\/strong><\/p>\n\n\n\n<ul class=\"wp-block-list\">\n<li>La Fa\u00e7ade en San Yuan<\/li>\n\n\n\n<li>Crit\u00e8res de d\u00e9termination de la fa\u00e7ade<\/li>\n<\/ul>\n<\/div>\n\n\n\n<div class=\"wp-block-column is-layout-flow wp-block-column-is-layout-flow\">\n<ul class=\"wp-block-list\">\n<li>Pour une maison<\/li>\n\n\n\n<li>Pour un appartement<\/li>\n\n\n\n<li>R\u00e8gle g\u00e9n\u00e9rale pour le choix d\u2019une fa\u00e7ade<\/li>\n\n\n\n<li>B\u00e2timent en L<\/li>\n\n\n\n<li>Cas de porte dans le plan de la fa\u00e7ade<\/li>\n\n\n\n<li>Porte dans le plan de la fa\u00e7ade<\/li>\n\n\n\n<li>Direction de porte diff\u00e9rente de la fa\u00e7ade<\/li>\n<\/ul>\n\n\n\n<p><strong>Les \u00e9toiles volantes<\/strong><\/p>\n\n\n\n<ul class=\"wp-block-list\">\n<li>3 cycles et 9 p\u00e9riodes<\/li>\n\n\n\n<li>Etoiles volantes et Luo Shu<\/li>\n\n\n\n<li>Etoile de base<\/li>\n\n\n\n<li>Etoile d\u2019assise<\/li>\n\n\n\n<li>Etoile de fa\u00e7ade<\/li>\n\n\n\n<li>Etoile annuelle, mensuelle, journali\u00e8re<\/li>\n<\/ul>\n\n\n\n<p><strong>Construire une grille d\u2019\u00e9toiles volantes<\/strong><\/p>\n\n\n\n<ul class=\"wp-block-list\">\n<li>R\u00e8gle d\u2019\u00e9volution des \u00e9toiles volantes<\/li>\n\n\n\n<li>Etoile de base<\/li>\n\n\n\n<li>Etoile d\u2019assise<\/li>\n\n\n\n<li>Etoile de fa\u00e7ade<\/li>\n\n\n\n<li>Etoile annuelle, mensuelle, journali\u00e8re<\/li>\n<\/ul>\n<\/div>\n<\/div>\n\n\n\n<h3 class=\"has-text-align-center wp-block-heading\">Dur\u00e9e de la formation: 2 jours.<\/h3>\n\n\n\n<div class=\"wp-block-buttons is-horizontal is-content-justification-center is-layout-flex wp-container-core-buttons-is-layout-499968f5 wp-block-buttons-is-layout-flex\">\n<div class=\"wp-block-button is-style-outline is-style-outline--5\"><a class=\"wp-block-button__link wp-element-button\" href=\"http:\/\/www.fengshui-chinois-conseils.com\/#contact\" target=\"_blank\" rel=\"http:\/\/www.fengshui-chinois-conseils.com\/#contact noopener\">Demander une formation<\/a><\/div>\n<\/div>\n\n\n\n<hr class=\"wp-block-separator has-css-opacity\"\/>\n\n\n\n<h2 class=\"has-text-align-center wp-block-heading\">San&nbsp;Yuan, module 2.<\/h2>\n\n\n\n<div class=\"wp-block-columns is-layout-flex wp-container-core-columns-is-layout-9d6595d7 wp-block-columns-is-layout-flex\">\n<div class=\"wp-block-column is-layout-flow wp-block-column-is-layout-flow\">\n<p><strong>Configurations sp\u00e9ciales d\u2019\u00e9toiles volantes<\/strong><\/p>\n\n\n\n<ul class=\"wp-block-list\">\n<li>Combinaison de 10 en fa\u00e7ade<\/li>\n\n\n\n<li>Combinaison de 10 en assise<\/li>\n\n\n\n<li>Combinaison de Collier de Perles croissant<\/li>\n\n\n\n<li>Combinaison de Collier de Perles d\u00e9croissant<\/li>\n\n\n\n<li>Combinaison de Chaine Parentale<\/li>\n\n\n\n<li>Th\u00e9orie de la Porte du Ch\u00e2teau<\/li>\n<\/ul>\n\n\n\n<p><strong>Champ D\u2019action des \u00e9toiles volantes<\/strong><\/p>\n\n\n\n<ul class=\"wp-block-list\">\n<li>Etoile volante = trigramme<\/li>\n\n\n\n<li>Action des Etoiles volantes sur la sant\u00e9<\/li>\n\n\n\n<li>D\u00e9terminer la personne impact\u00e9e par les effets des \u00e9toiles volantes<\/li>\n\n\n\n<li>Principe d\u2019activation des Etoiles Volantes<\/li>\n\n\n\n<li>Modifier la P\u00e9riode<\/li>\n<\/ul>\n\n\n\n<p><strong>Combinaison d\u2019\u00e9toiles volantes<\/strong><\/p>\n\n\n\n<ul class=\"wp-block-list\">\n<li>81 combinaisons d\u2019Etoiles Volantes<\/li>\n\n\n\n<li>Combinaisons sp\u00e9ciales de 3 \u00e9toiles volantes<\/li>\n\n\n\n<li>6 combinaisons favorables d\u2019\u00e9toiles volantes<\/li>\n\n\n\n<li>5 combinaisons d\u00e9favorables d\u2019\u00e9toiles volantes<\/li>\n\n\n\n<li>Configurations particuli\u00e8res<\/li>\n<\/ul>\n\n\n\n<p><strong>Distribution du Qi<\/strong><\/p>\n\n\n\n<ul class=\"wp-block-list\">\n<li>Comprendre l\u2019ordre de priorit\u00e9 des \u00e9toiles volantes<\/li>\n<\/ul>\n<\/div>\n\n\n\n<div class=\"wp-block-column is-layout-flow wp-block-column-is-layout-flow\">\n<p><strong>M\u00e9thodologie<\/strong><\/p>\n\n\n\n<ul class=\"wp-block-list\">\n<li>Habitation d\u2019une seule pi\u00e8ce<\/li>\n\n\n\n<li>Habitation avec des secteurs manquants<\/li>\n\n\n\n<li>Regrouper les pi\u00e8ces desservies par une seule porte<\/li>\n\n\n\n<li>Habitation avec une seule pi\u00e8ce sur une fa\u00e7ade<\/li>\n\n\n\n<li>Habitation avec 2 pi\u00e8ces sur une fa\u00e7ade<\/li>\n\n\n\n<li>Habitation avec 3, 4, 5\u2026 pi\u00e8ces sur une fa\u00e7ade<\/li>\n\n\n\n<li>Int\u00e9grer la grille d\u2019\u00e9toiles volantes<\/li>\n<\/ul>\n\n\n\n<p><strong>Analyse des \u00e9toiles volantes<\/strong><\/p>\n\n\n\n<ul class=\"wp-block-list\">\n<li>Analyser les \u00e9toiles d\u2019un palais<\/li>\n\n\n\n<li>Boite \u00e0 outils<\/li>\n\n\n\n<li>Etude de cas.<\/li>\n\n\n\n<li>He Tu et \u00e9toiles volantes<\/li>\n\n\n\n<li>Direction des \u00e9toiles volantes<\/li>\n\n\n\n<li>Effet des pi\u00e8ces de suppression sur les \u00e9toiles volantes<\/li>\n\n\n\n<li>Activation des \u00e9toiles volantes par l\u2019int\u00e9rieur<\/li>\n\n\n\n<li>La cure de sel<\/li>\n<\/ul>\n\n\n\n<p><strong>Xuan Kong Da Gua<\/strong><\/p>\n\n\n\n<ul class=\"wp-block-list\">\n<li>Hexagramme de la porte<\/li>\n<\/ul>\n\n\n\n<p><strong>S\u00e9lection de dates<\/strong><\/p>\n\n\n\n<ul class=\"wp-block-list\">\n<li>M\u00e9thode du Xuan Kong Da Gua<\/li>\n\n\n\n<li>M\u00e9thode Tai Yang Tai Yin Wu Xing<\/li>\n<\/ul>\n<\/div>\n<\/div>\n\n\n\n<h3 class=\"has-text-align-center wp-block-heading\">Dur\u00e9e de la formation: 3 jours.<\/h3>\n\n\n\n<div class=\"wp-block-buttons is-horizontal is-content-justification-center is-layout-flex wp-container-core-buttons-is-layout-499968f5 wp-block-buttons-is-layout-flex\">\n<div class=\"wp-block-button is-style-outline is-style-outline--6\"><a class=\"wp-block-button__link wp-element-button\" href=\"http:\/\/www.fengshui-chinois-conseils.com\/#contact\" target=\"_blank\" rel=\"http:\/\/www.fengshui-chinois-conseils.com\/#contact noopener\">Demander une formation<\/a><\/div>\n<\/div>\n\n\n\n<hr class=\"wp-block-separator has-css-opacity\"\/>\n\n\n\n<h2 class=\"has-text-align-center wp-block-heading\"><strong>Etude de cas<\/strong> <\/h2>\n\n\n\n<h3 class=\"has-text-align-center wp-block-heading\">Dur\u00e9e de la formation: 2 jours<\/h3>\n\n\n\n<div class=\"wp-block-buttons is-horizontal is-content-justification-center is-layout-flex wp-container-core-buttons-is-layout-499968f5 wp-block-buttons-is-layout-flex\">\n<div class=\"wp-block-button is-style-outline is-style-outline--7\"><a class=\"wp-block-button__link wp-element-button\" href=\"http:\/\/www.fengshui-chinois-conseils.com\/#contact\" target=\"_blank\" rel=\"http:\/\/www.fengshui-chinois-conseils.com\/#contact noopener\">Demander une formation<\/a><\/div>\n<\/div>\n\n\n\n<hr class=\"wp-block-separator has-css-opacity\"\/>\n\n\n\n<h2 class=\"has-text-align-center wp-block-heading\">REFERENTIEL FENG SHUI<\/h2>\n\n\n\n<div class=\"wp-block-columns is-layout-flex wp-container-core-columns-is-layout-9d6595d7 wp-block-columns-is-layout-flex\">\n<div class=\"wp-block-column is-layout-flow wp-block-column-is-layout-flow\">\n<p>Retrouvez toutes les formules de la formation du feng shui San He et San Yuan, les grilles des \u00e9toiles volantes des p\u00e9riodes 1 \u00e0 9, sur une m\u00eame feuille.<\/p>\n\n\n\n<p>24 feuilles pour 24 montagnes, sous forme de livret cartonn\u00e9.<\/p>\n\n\n\n<div class=\"wp-block-buttons is-horizontal is-content-justification-center is-layout-flex wp-container-core-buttons-is-layout-499968f5 wp-block-buttons-is-layout-flex\">\n<div class=\"wp-block-button is-style-outline is-style-outline--8\"><a class=\"wp-block-button__link wp-element-button\" href=\"http:\/\/www.fengshui-chinois-conseils.com\/#contact\" target=\"_blank\" rel=\"http:\/\/www.fengshui-chinois-conseils.com\/#contact noopener\">Demander un r\u00e9f\u00e9rentiel<\/a><\/div>\n<\/div>\n<\/div>\n\n\n\n<div class=\"wp-block-column is-layout-flow wp-block-column-is-layout-flow\">\n<figure class=\"wp-block-image size-large is-resized\"><img loading=\"lazy\" decoding=\"async\" src=\"http:\/\/fengshui-chinois-conseils.com\/wp-content\/uploads\/2023\/03\/referentiel-feng-shui-traditionnel-formules-819x1024.jpg\" alt=\"\" class=\"wp-image-12529\" width=\"496\" height=\"620\" srcset=\"http:\/\/fengshui-chinois-conseils.com\/wp-content\/uploads\/2023\/03\/referentiel-feng-shui-traditionnel-formules-819x1024.jpg 819w, http:\/\/fengshui-chinois-conseils.com\/wp-content\/uploads\/2023\/03\/referentiel-feng-shui-traditionnel-formules-240x300.jpg 240w, http:\/\/fengshui-chinois-conseils.com\/wp-content\/uploads\/2023\/03\/referentiel-feng-shui-traditionnel-formules-768x960.jpg 768w, http:\/\/fengshui-chinois-conseils.com\/wp-content\/uploads\/2023\/03\/referentiel-feng-shui-traditionnel-formules.jpg 850w\" sizes=\"auto, (max-width: 496px) 100vw, 496px\" \/><\/figure>\n<\/div>\n<\/div>\n","protected":false},"excerpt":{"rendered":"<p>Apprendre le feng shui est un long travail qui n\u00e9cessite de suivre les enseignements \u00e9tape par \u00e9tape. Cette formation compl\u00e8te am\u00e8ne au niveau de consultant en feng shui. 1 &#8211; Le Feng Shui de la m\u00e9thode San He ou m\u00e9thode des 3 harmonies. 2 &#8211; Le Feng Shui de la m\u00e9thode San Yuan ou m\u00e9thode [&hellip;]<\/p>\n","protected":false},"author":1,"featured_media":0,"parent":0,"menu_order":0,"comment_status":"closed","ping_status":"closed","template":"","meta":{"footnotes":""},"class_list":["post-12001","page","type-page","status-publish","hentry"],"_links":{"self":[{"href":"http:\/\/fengshui-chinois-conseils.com\/index.php\/wp-json\/wp\/v2\/pages\/12001","targetHints":{"allow":["GET"]}}],"collection":[{"href":"http:\/\/fengshui-chinois-conseils.com\/index.php\/wp-json\/wp\/v2\/pages"}],"about":[{"href":"http:\/\/fengshui-chinois-conseils.com\/index.php\/wp-json\/wp\/v2\/types\/page"}],"author":[{"embeddable":true,"href":"http:\/\/fengshui-chinois-conseils.com\/index.php\/wp-json\/wp\/v2\/users\/1"}],"replies":[{"embeddable":true,"href":"http:\/\/fengshui-chinois-conseils.com\/index.php\/wp-json\/wp\/v2\/comments?post=12001"}],"version-history":[{"count":21,"href":"http:\/\/fengshui-chinois-conseils.com\/index.php\/wp-json\/wp\/v2\/pages\/12001\/revisions"}],"predecessor-version":[{"id":12530,"href":"http:\/\/fengshui-chinois-conseils.com\/index.php\/wp-json\/wp\/v2\/pages\/12001\/revisions\/12530"}],"wp:attachment":[{"href":"http:\/\/fengshui-chinois-conseils.com\/index.php\/wp-json\/wp\/v2\/media?parent=12001"}],"curies":[{"name":"wp","href":"https:\/\/api.w.org\/{rel}","templated":true}]}}