{"id":12029,"date":"2022-12-31T12:30:48","date_gmt":"2022-12-31T10:30:48","guid":{"rendered":"http:\/\/fengshui-chinois-conseils.com\/?page_id=12029"},"modified":"2022-12-31T12:48:54","modified_gmt":"2022-12-31T10:48:54","slug":"se-former-au-feng-shui-authentique","status":"publish","type":"page","link":"http:\/\/fengshui-chinois-conseils.com\/index.php\/se-former-au-feng-shui-authentique\/","title":{"rendered":"Se former au feng shui authentique"},"content":{"rendered":"\n<p id=\"block-0c8eaa5e-0b3e-49a3-9807-fe984573296b\">Cet apprentissage est r\u00e9serv\u00e9 aux pratiquants confirm\u00e9s qui ont le d\u00e9sir de s&rsquo;aventurer aux sources du feng shui ancestral. A la fin de ce cours vous aurez en main tous les outils utilis\u00e9s par les anciens ma\u00eetres imp\u00e9riaux pour r\u00e9aliser des implantations de maisons, immeubles, centres commerciaux ainsi que la r\u00e9alisation de tombes dans les r\u00e8gles de l&rsquo;art.<\/p>\n\n\n\n<p>Ce cours tr\u00e8s complet est d\u00e9velopp\u00e9 \u00e0 partir de l&rsquo;application concr\u00e8te des diff\u00e9rentes formules de feng shui authentique sur des exemples concrets de l&rsquo;architecture des constructions anciennes des cit\u00e9s interdites de Nankin, Beijing et des 13 tombes des empereurs Ming, t\u00e9moin d&rsquo;un savoir-faire ancestral. <\/p>\n\n\n\n<div class=\"wp-block-image\"><figure class=\"aligncenter size-large is-resized\"><img loading=\"lazy\" decoding=\"async\" src=\"http:\/\/fengshui-chinois-conseils.com\/wp-content\/uploads\/2019\/02\/cite-interdite-feng-shui.jpg\" alt=\"\" class=\"wp-image-10020\" width=\"483\" height=\"362\" srcset=\"http:\/\/fengshui-chinois-conseils.com\/wp-content\/uploads\/2019\/02\/cite-interdite-feng-shui.jpg 340w, http:\/\/fengshui-chinois-conseils.com\/wp-content\/uploads\/2019\/02\/cite-interdite-feng-shui-300x225.jpg 300w, http:\/\/fengshui-chinois-conseils.com\/wp-content\/uploads\/2019\/02\/cite-interdite-feng-shui-285x214.jpg 285w\" sizes=\"auto, (max-width: 483px) 100vw, 483px\" \/><\/figure><\/div>\n\n\n\n<figure class=\"wp-block-gallery columns-0 is-cropped wp-block-gallery-1 is-layout-flex wp-block-gallery-is-layout-flex\"><ul class=\"blocks-gallery-grid\"><\/ul><\/figure>\n\n\n\n<p id=\"block-e9a5057d-a4df-4d12-a56b-a4efbbf14b4a\"><\/p>\n\n\n\n<div class=\"wp-block-buttons is-content-justification-center is-layout-flex wp-block-buttons-is-layout-flex\">\n<div class=\"wp-block-button is-style-outline is-style-outline--2\"><a class=\"wp-block-button__link\" href=\"http:\/\/www.fengshui-chinois-conseils.com\/#contact\" target=\"_blank\" rel=\"noreferrer noopener\">Demander une formation<\/a><\/div>\n<\/div>\n\n\n\n<hr class=\"wp-block-separator\" id=\"block-7e036537-b2df-4ec5-8534-cfbe482b578c\"\/>\n","protected":false},"excerpt":{"rendered":"<p>Cet apprentissage est r\u00e9serv\u00e9 aux pratiquants confirm\u00e9s qui ont le d\u00e9sir de s&rsquo;aventurer aux sources du feng shui ancestral. A la fin de ce cours vous aurez en main tous les outils utilis\u00e9s par les anciens ma\u00eetres imp\u00e9riaux pour r\u00e9aliser des implantations de maisons, immeubles, centres commerciaux ainsi que la r\u00e9alisation de tombes dans les [&hellip;]<\/p>\n","protected":false},"author":1,"featured_media":0,"parent":0,"menu_order":0,"comment_status":"closed","ping_status":"closed","template":"","meta":{"footnotes":""},"class_list":["post-12029","page","type-page","status-publish","hentry"],"_links":{"self":[{"href":"http:\/\/fengshui-chinois-conseils.com\/index.php\/wp-json\/wp\/v2\/pages\/12029","targetHints":{"allow":["GET"]}}],"collection":[{"href":"http:\/\/fengshui-chinois-conseils.com\/index.php\/wp-json\/wp\/v2\/pages"}],"about":[{"href":"http:\/\/fengshui-chinois-conseils.com\/index.php\/wp-json\/wp\/v2\/types\/page"}],"author":[{"embeddable":true,"href":"http:\/\/fengshui-chinois-conseils.com\/index.php\/wp-json\/wp\/v2\/users\/1"}],"replies":[{"embeddable":true,"href":"http:\/\/fengshui-chinois-conseils.com\/index.php\/wp-json\/wp\/v2\/comments?post=12029"}],"version-history":[{"count":5,"href":"http:\/\/fengshui-chinois-conseils.com\/index.php\/wp-json\/wp\/v2\/pages\/12029\/revisions"}],"predecessor-version":[{"id":12040,"href":"http:\/\/fengshui-chinois-conseils.com\/index.php\/wp-json\/wp\/v2\/pages\/12029\/revisions\/12040"}],"wp:attachment":[{"href":"http:\/\/fengshui-chinois-conseils.com\/index.php\/wp-json\/wp\/v2\/media?parent=12029"}],"curies":[{"name":"wp","href":"https:\/\/api.w.org\/{rel}","templated":true}]}}