{"id":12411,"date":"2023-03-08T10:39:52","date_gmt":"2023-03-08T08:39:52","guid":{"rendered":"http:\/\/fengshui-chinois-conseils.com\/?page_id=12411"},"modified":"2024-12-22T04:30:12","modified_gmt":"2024-12-22T02:30:12","slug":"formations-feng-shui-2","status":"publish","type":"page","link":"http:\/\/fengshui-chinois-conseils.com\/index.php\/formations-feng-shui-2\/","title":{"rendered":"Formations feng shui"},"content":{"rendered":"<div data-colibri-id=\"12411-c1\" class=\"style-455 style-local-12411-c1 position-relative\">\n  <!---->\n  <div data-colibri-component=\"section\" data-colibri-id=\"12411-c6\" id=\"overlappable\" class=\"h-section h-section-global-spacing d-flex align-items-lg-center align-items-md-center align-items-center style-460 style-local-12411-c6 position-relative\">\n    <!---->\n    <!---->\n    <div class=\"h-section-grid-container h-section-boxed-container\">\n      <!---->\n      <div data-colibri-id=\"12411-c7\" class=\"h-row-container gutters-row-lg-2 gutters-row-md-0 gutters-row-2 gutters-row-v-lg-2 gutters-row-v-md-0 gutters-row-v-2 style-461 style-local-12411-c7 position-relative\">\n        <!---->\n        <div class=\"h-row justify-content-lg-center justify-content-md-center justify-content-center align-items-lg-stretch align-items-md-stretch align-items-stretch gutters-col-lg-2 gutters-col-md-0 gutters-col-2 gutters-col-v-lg-2 gutters-col-v-md-0 gutters-col-v-2\">\n          <!---->\n          <div class=\"h-column h-column-container d-flex h-col-lg-3 h-col-md-3 h-col-12 style-462-outer style-local-12411-c8-outer\">\n            <div data-colibri-id=\"12411-c8\" class=\"d-flex h-flex-basis h-column__inner h-px-lg-2 h-px-md-3 h-px-2 v-inner-lg-0 v-inner-md-3 v-inner-2 style-462 style-local-12411-c8 position-relative\">\n              <!---->\n              <!---->\n              <div class=\"w-100 h-y-container h-column__content h-column__v-align flex-basis-100 align-self-lg-start align-self-md-start align-self-start\">\n                <!---->\n                <div data-colibri-id=\"12411-c10\" class=\"h-global-transition-all h-heading style-464 style-local-12411-c10 position-relative h-element\">\n                  <!---->\n                  <div class=\"h-heading__outer style-464 style-local-12411-c10\">\n                    <!---->\n                    <!---->\n                    <h5 class=\"\">feng shui traditionnel.<\/h5>\n                  <\/div>\n                <\/div>\n              <\/div>\n            <\/div>\n          <\/div>\n        <\/div>\n      <\/div>\n    <\/div>\n  <\/div>\n  <div data-colibri-component=\"section\" data-colibri-id=\"12411-c20\" id=\"overlappable-2\" class=\"h-section h-section-global-spacing d-flex align-items-lg-center align-items-md-center align-items-center style-466 style-local-12411-c20 position-relative\">\n    <!---->\n    <!---->\n    <div class=\"h-section-grid-container h-section-boxed-container\">\n      <!---->\n      <div data-colibri-id=\"12411-c21\" class=\"h-row-container gutters-row-lg-0 gutters-row-md-0 gutters-row-2 gutters-row-v-lg-0 gutters-row-v-md-0 gutters-row-v-2 style-467 style-local-12411-c21 position-relative\">\n        <!---->\n        <div class=\"h-row justify-content-lg-center justify-content-md-center justify-content-center align-items-lg-stretch align-items-md-stretch align-items-stretch gutters-col-lg-0 gutters-col-md-0 gutters-col-2 gutters-col-v-lg-0 gutters-col-v-md-0 gutters-col-v-2\">\n          <!---->\n          <div class=\"h-column h-column-container d-flex h-col-lg-4 h-col-md-4 h-col-12 style-468-outer style-local-12411-c22-outer\">\n            <div data-colibri-id=\"12411-c22\" class=\"d-flex h-flex-basis h-column__inner h-px-lg-3 h-px-md-3 h-px-2 v-inner-lg-3 v-inner-md-3 v-inner-2 style-468 style-local-12411-c22 position-relative\">\n              <!---->\n              <!---->\n              <div class=\"w-100 h-y-container h-column__content h-column__v-align flex-basis-100 align-self-lg-start align-self-md-start align-self-start\">\n                <!---->\n                <div data-colibri-id=\"12411-c23\" class=\"h-icon style-469 style-local-12411-c23 position-relative h-element\">\n                  <!----><span class=\"h-svg-icon h-icon__icon style-469-icon style-local-12411-c23-icon\"><!--Icon by Icons8 Line Awesome (https:\/\/icons8.com\/line-awesome)--><svg version=\"1.1\" xmlns=\"http:\/\/www.w3.org\/2000\/svg\" xmlns:xlink=\"http:\/\/www.w3.org\/1999\/xlink\" id=\"paper-plane\" viewBox=\"0 0 512 545.5\"><path d=\"M57.5 117.5L86 129l352 144 36.5 15-36.5 15L86 447l-28.5 11.5 7-30 31-140.5-31-140.5zm44.5 53L124.5 272h226zM124.5 304L102 405.5 350.5 304h-226z\"><\/path><\/svg><\/span><\/div>\n                <div\n                  data-colibri-id=\"12411-c24\" class=\"h-global-transition-all h-heading style-470 style-local-12411-c24 position-relative h-element\">\n                  <!---->\n                  <div class=\"h-heading__outer style-470 style-local-12411-c24\">\n                    <!---->\n                    <!---->\n                    <h5 class=\"\">Le feng shui traditionnel&nbsp;<\/h5>\n                  <\/div>\n              <\/div>\n              <div data-colibri-id=\"12411-c25\" class=\"h-text h-text-component style-471 style-local-12411-c25 position-relative h-element\">\n                <!---->\n                <!---->\n                <div class=\"\">\n                  <p>Formez vous aux bases du&nbsp; feng shui par les m\u00e9thodes enseign\u00e9es dans les meilleures \u00e9coles des m\u00e9thodes de San He et San Yuan de Ta\u00efwan et de Malaisie.&nbsp;<\/p>\n                <\/div>\n              <\/div>\n              <div data-colibri-id=\"12411-c26\" class=\"h-x-container style-472 style-local-12411-c26 position-relative h-element\">\n                <!---->\n                <div class=\"h-x-container-inner style-dynamic-12411-c26-group style-472-spacing style-local-12411-c26-spacing\"><span class=\"h-link__outer style-473-outer style-local-12411-c27-outer d-inline-flex h-element\"><a h-use-smooth-scroll=\"true\" href=\"\"  data-colibri-id=\"12411-c27\" class=\"d-flex w-100 align-items-center h-link style-473 style-local-12411-c27 position-relative\"><!----><!----> <span>Read more<\/span>                  <span class=\"h-svg-icon h-link__icon style-473-icon style-local-12411-c27-icon\"><!--Icon by Icons8 Line Awesome (https:\/\/icons8.com\/line-awesome)--><svg version=\"1.1\" xmlns=\"http:\/\/www.w3.org\/2000\/svg\" xmlns:xlink=\"http:\/\/www.w3.org\/1999\/xlink\" id=\"angle-double-right\" viewBox=\"0 0 512 545.5\"><path d=\"M145.5 108.5l168 168L325 288l-11.5 11.5-168 168-22.5-23L279.5 288 123 131.5zm112 0l168 168L437 288l-11.5 11.5-168 168-22.5-23L391.5 288 235 131.5z\"><\/path><\/svg><\/span><\/a>\n                  <\/span>\n                <\/div>\n              <\/div>\n            <\/div>\n          <\/div>\n        <\/div>\n        <div class=\"h-column h-column-container d-flex h-col-lg-4 h-col-md-4 h-col-12 style-468-outer style-local-12411-c28-outer\">\n          <div data-colibri-id=\"12411-c28\" class=\"d-flex h-flex-basis h-column__inner h-px-lg-3 h-px-md-3 h-px-2 v-inner-lg-3 v-inner-md-3 v-inner-2 style-468 style-local-12411-c28 position-relative\">\n            <!---->\n            <!---->\n            <div class=\"w-100 h-y-container h-column__content h-column__v-align flex-basis-100 align-self-lg-start align-self-md-start align-self-start\">\n              <!---->\n              <div data-colibri-id=\"12411-c29\" class=\"h-icon style-469 style-local-12411-c29 position-relative h-element\">\n                <!----><span class=\"h-svg-icon h-icon__icon style-469-icon style-local-12411-c29-icon\"><!--Icon by Font Awesome (https:\/\/fontawesome.com)-->\n    <svg version=\"1.1\" xmlns=\"http:\/\/www.w3.org\/2000\/svg\" xmlns:xlink=\"http:\/\/www.w3.org\/1999\/xlink\" id=\"check\" viewBox=\"0 0 1792 1896.0833\">\n      <path d=\"M1671 566q0 40-28 68l-724 724-136 136q-28 28-68 28t-68-28l-136-136-362-362q-28-28-28-68t28-68l136-136q28-28 68-28t68 28l294 295 656-657q28-28 68-28t68 28l136 136q28 28 28 68z\"><\/path>\n    <\/svg><\/span><\/div>\n              <div data-colibri-id=\"12411-c30\" class=\"h-global-transition-all h-heading style-470 style-local-12411-c30 position-relative h-element\">\n                <!---->\n                <div class=\"h-heading__outer style-470 style-local-12411-c30\">\n                  <!---->\n                  <!---->\n                  <h5 class=\"\">le feng shui authentique&nbsp;<\/h5>\n                <\/div>\n              <\/div>\n              <div data-colibri-id=\"12411-c31\" class=\"h-text h-text-component style-471 style-local-12411-c31 position-relative h-element\">\n                <!---->\n                <!---->\n                <div class=\"\">\n                  <p>Apprenez le Feng Shui authentique chinois et devenez un v\u00e9ritable professionnel du feng shui, par les m\u00e9thodes enseign\u00e9es par les meilleurs ma\u00eetres chinois.<\/p>\n                <\/div>\n              <\/div>\n              <div data-colibri-id=\"12411-c32\" class=\"h-x-container style-472 style-local-12411-c32 position-relative h-element\">\n                <!---->\n                <div class=\"h-x-container-inner style-dynamic-12411-c32-group style-472-spacing style-local-12411-c32-spacing\"><span class=\"h-link__outer style-473-outer style-local-12411-c33-outer d-inline-flex h-element\"><a h-use-smooth-scroll=\"true\" href=\"\"  data-colibri-id=\"12411-c33\" class=\"d-flex w-100 align-items-center h-link style-473 style-local-12411-c33 position-relative\"><!----><!----> <span>Read more<\/span>                  <span class=\"h-svg-icon h-link__icon style-473-icon style-local-12411-c33-icon\"><!--Icon by Icons8 Line Awesome (https:\/\/icons8.com\/line-awesome)--><svg version=\"1.1\" xmlns=\"http:\/\/www.w3.org\/2000\/svg\" xmlns:xlink=\"http:\/\/www.w3.org\/1999\/xlink\" id=\"angle-double-right\" viewBox=\"0 0 512 545.5\"><path d=\"M145.5 108.5l168 168L325 288l-11.5 11.5-168 168-22.5-23L279.5 288 123 131.5zm112 0l168 168L437 288l-11.5 11.5-168 168-22.5-23L391.5 288 235 131.5z\"><\/path><\/svg><\/span><\/a>\n                  <\/span>\n                <\/div>\n              <\/div>\n            <\/div>\n          <\/div>\n        <\/div>\n        <div class=\"h-column h-column-container d-flex h-col-lg-4 h-col-md-4 h-col-12 style-468-outer style-local-12411-c34-outer\">\n          <div data-colibri-id=\"12411-c34\" class=\"d-flex h-flex-basis h-column__inner h-px-lg-3 h-px-md-3 h-px-2 v-inner-lg-3 v-inner-md-3 v-inner-2 style-468 style-local-12411-c34 position-relative\">\n            <!---->\n            <!---->\n            <div class=\"w-100 h-y-container h-column__content h-column__v-align flex-basis-100 align-self-lg-start align-self-md-start align-self-start\">\n              <!---->\n              <div data-colibri-id=\"12411-c35\" class=\"h-icon style-469 style-local-12411-c35 position-relative h-element\">\n                <!----><span class=\"h-svg-icon h-icon__icon style-469-icon style-local-12411-c35-icon\"><!--Icon by Font Awesome (https:\/\/fontawesome.com)-->\n    <svg version=\"1.1\" xmlns=\"http:\/\/www.w3.org\/2000\/svg\" xmlns:xlink=\"http:\/\/www.w3.org\/1999\/xlink\" id=\"gear\" viewBox=\"0 0 1536 1896.0833\">\n      <path d=\"M1024 896q0-106-75-181t-181-75-181 75-75 181 75 181 181 75 181-75 75-181zm512-109v222q0 12-8 23t-20 13l-185 28q-19 54-39 91 35 50 107 138 10 12 10 25t-9 23q-27 37-99 108t-94 71q-12 0-26-9l-138-108q-44 23-91 38-16 136-29 186-7 28-36 28H657q-14 0-24.5-8.5T621 1634l-28-184q-49-16-90-37l-141 107q-10 9-25 9-14 0-25-11-126-114-165-168-7-10-7-23 0-12 8-23 15-21 51-66.5t54-70.5q-27-50-41-99l-183-27q-13-2-21-12.5T0 1005V783q0-12 8-23t19-13l186-28q14-46 39-92-40-57-107-138-10-12-10-24 0-10 9-23 26-36 98.5-107.5T337 263q13 0 26 10l138 107q44-23 91-38 16-136 29-186 7-28 36-28h222q14 0 24.5 8.5T915 158l28 184q49 16 90 37l142-107q9-9 24-9 13 0 25 10 129 119 165 170 7 8 7 22 0 12-8 23-15 21-51 66.5t-54 70.5q26 50 41 98l183 28q13 2 21 12.5t8 23.5z\"><\/path>\n    <\/svg><\/span><\/div>\n              <div data-colibri-id=\"12411-c36\" class=\"h-global-transition-all h-heading style-470 style-local-12411-c36 position-relative h-element\">\n                <!---->\n                <div class=\"h-heading__outer style-470 style-local-12411-c36\">\n                  <!---->\n                  <!---->\n                  <h5 class=\"\">l&rsquo;outil du feng shui Le luo pan.<\/h5>\n                <\/div>\n              <\/div>\n              <div data-colibri-id=\"12411-c37\" class=\"h-text h-text-component style-471 style-local-12411-c37 position-relative h-element\">\n                <!---->\n                <!---->\n                <div class=\"\">\n                  <p>Passez du simple utilisateur de cet outil unique du feng shui, le Luo Pan \u00e0 sa ma\u00eetrise en comprenant ses divers anneaux afin de ma\u00eetriser les formules utilis\u00e9es lors de vos audits.<\/p>\n                <\/div>\n              <\/div>\n              <div data-colibri-id=\"12411-c38\" class=\"h-x-container style-472 style-local-12411-c38 position-relative h-element\">\n                <!---->\n                <div class=\"h-x-container-inner style-dynamic-12411-c38-group style-472-spacing style-local-12411-c38-spacing\"><span class=\"h-link__outer style-473-outer style-local-12411-c39-outer d-inline-flex h-element\"><a h-use-smooth-scroll=\"true\" href=\"\"  data-colibri-id=\"12411-c39\" class=\"d-flex w-100 align-items-center h-link style-473 style-local-12411-c39 position-relative\"><!----><!----> <span>Read more<\/span>                  <span class=\"h-svg-icon h-link__icon style-473-icon style-local-12411-c39-icon\"><!--Icon by Icons8 Line Awesome (https:\/\/icons8.com\/line-awesome)--><svg version=\"1.1\" xmlns=\"http:\/\/www.w3.org\/2000\/svg\" xmlns:xlink=\"http:\/\/www.w3.org\/1999\/xlink\" id=\"angle-double-right\" viewBox=\"0 0 512 545.5\"><path d=\"M145.5 108.5l168 168L325 288l-11.5 11.5-168 168-22.5-23L279.5 288 123 131.5zm112 0l168 168L437 288l-11.5 11.5-168 168-22.5-23L391.5 288 235 131.5z\"><\/path><\/svg><\/span><\/a>\n                  <\/span>\n                <\/div>\n              <\/div>\n            <\/div>\n          <\/div>\n        <\/div>\n        <div class=\"h-column h-column-container d-flex h-col-lg-4 h-col-md-4 h-col-12 style-480-outer style-local-12411-c46-outer\">\n          <div data-colibri-id=\"12411-c46\" class=\"d-flex h-flex-basis h-column__inner h-ui-empty-state-container h-px-lg-2 h-px-md-2 h-px-2 v-inner-lg-2 v-inner-md-2 v-inner-2 style-480 style-local-12411-c46 position-relative\">\n            <!---->\n            <!---->\n            <div class=\"w-100 h-y-container h-column__content h-column__v-align flex-basis-100\">\n              <!---->\n            <\/div>\n          <\/div>\n        <\/div>\n        <div class=\"h-column h-column-container d-flex h-col-lg-4 h-col-md-4 h-col-12 style-481-outer style-local-12411-c47-outer\">\n          <div data-colibri-id=\"12411-c47\" class=\"d-flex h-flex-basis h-column__inner h-ui-empty-state-container h-px-lg-2 h-px-md-2 h-px-2 v-inner-lg-2 v-inner-md-2 v-inner-2 style-481 style-local-12411-c47 position-relative\">\n            <!---->\n            <!---->\n            <div class=\"w-100 h-y-container h-column__content h-column__v-align flex-basis-100\">\n              <!---->\n            <\/div>\n          <\/div>\n        <\/div>\n      <\/div>\n    <\/div>\n  <\/div>\n<\/div>\n<div data-colibri-component=\"section\" data-colibri-id=\"12411-c48\" id=\"about\" class=\"h-section h-section-global-spacing d-flex align-items-lg-center align-items-md-center align-items-center style-482 style-local-12411-c48 position-relative\">\n  <!---->\n  <!---->\n  <div class=\"h-section-grid-container h-section-boxed-container\">\n    <!---->\n    <div data-colibri-id=\"12411-c49\" class=\"h-row-container gutters-row-lg-2 gutters-row-md-2 gutters-row-2 gutters-row-v-lg-2 gutters-row-v-md-2 gutters-row-v-2 style-483 style-local-12411-c49 position-relative\">\n      <!---->\n      <div class=\"h-row justify-content-lg-center justify-content-md-center justify-content-center align-items-lg-stretch align-items-md-stretch align-items-stretch gutters-col-lg-2 gutters-col-md-2 gutters-col-2 gutters-col-v-lg-2 gutters-col-v-md-2 gutters-col-v-2\">\n        <!---->\n        <div class=\"h-column h-column-container d-flex h-col-lg-auto h-col-md-auto h-col-auto style-484-outer style-local-12411-c50-outer\">\n          <div data-colibri-id=\"12411-c50\" class=\"d-flex h-flex-basis h-column__inner h-px-lg-2 h-px-md-2 h-px-2 v-inner-lg-2 v-inner-md-2 v-inner-2 style-484 style-local-12411-c50 position-relative\">\n            <!---->\n            <!---->\n            <div class=\"w-100 h-y-container h-column__content h-column__v-align flex-basis-100 align-self-lg-center align-self-md-center align-self-center\">\n              <!---->\n              <div data-colibri-id=\"12411-c51\" class=\"h-global-transition-all h-heading style-485 style-local-12411-c51 position-relative h-element\">\n                <!---->\n                <div class=\"h-heading__outer style-485 style-local-12411-c51\">\n                  <!---->\n                  <!---->\n                  <h5 class=\"\">LOREM IPSUM DOLOR<\/h5>\n                <\/div>\n              <\/div>\n              <div data-colibri-id=\"12411-c52\" class=\"h-global-transition-all h-heading style-486 style-local-12411-c52 position-relative h-element\">\n                <!---->\n                <div class=\"h-heading__outer style-486 style-local-12411-c52\">\n                  <!---->\n                  <!---->\n                  <h2 class=\"\">Enjoy the best <em style=\"font-family: &quot;Playfair Display&quot;; color: rgb(247, 144, 7);\">design<\/em> and <em style=\"font-family: &quot;Playfair Display&quot;; color: rgb(247, 144, 7);\">function<\/em> combined together<\/h2>\n                <\/div>\n              <\/div>\n              <div data-colibri-id=\"12411-c53\" class=\"h-text h-text-component style-487 style-local-12411-c53 position-relative h-element\">\n                <!---->\n                <!---->\n                <div class=\"\">\n                  <p>Lorem ipsum dolor sit amet, at mei dolore tritani repudiandae. In his nemore temporibus consequuntur, vim ad prima vivendum consetetur. Viderer feugiat at pro, mea aperiam.<\/p>\n                <\/div>\n              <\/div>\n              <div data-colibri-id=\"12411-c54\" class=\"h-x-container style-488 style-local-12411-c54 position-relative h-element\">\n                <!---->\n                <div class=\"h-x-container-inner style-dynamic-12411-c54-group style-488-spacing style-local-12411-c54-spacing\"><span class=\"h-button__outer style-489-outer style-local-12411-c55-outer d-inline-flex h-element\"><a h-use-smooth-scroll=\"true\" href=\"\"  data-colibri-id=\"12411-c55\" class=\"d-flex w-100 align-items-center h-button justify-content-lg-center justify-content-md-center justify-content-center style-489 style-local-12411-c55 position-relative\"><!----><!----> <span>get started now<\/span><\/a>\n                  <\/span>\n                <\/div>\n              <\/div>\n            <\/div>\n          <\/div>\n        <\/div>\n        <div class=\"h-column h-column-container d-flex h-col-lg-auto h-col-md-auto h-col-auto style-490-outer style-local-12411-c56-outer\">\n          <div data-colibri-id=\"12411-c56\" class=\"d-flex h-flex-basis h-column__inner h-px-lg-2 h-px-md-2 h-px-2 v-inner-lg-2 v-inner-md-2 v-inner-2 style-490 style-local-12411-c56 position-relative\">\n            <!---->\n            <!---->\n            <div class=\"w-100 h-y-container h-column__content h-column__v-align flex-basis-100 align-self-lg-center align-self-md-center align-self-center\">\n              <!---->\n              <div data-colibri-id=\"12411-c57\" class=\"d-block style-491 style-local-12411-c57 position-relative h-element\">\n                <!---->\n                <div class=\"h-image__frame-container-outer\">\n                  <div class=\"h-image__frame-container\">\n                    <!---->\n                    <!---->\n                    <img decoding=\"async\" src=\"http:\/\/fengshui-chinois-conseils.com\/wp-content\/uploads\/2024\/12\/colibri-image-128.png\" class=\"wp-image-1471 style-491-image style-local-12411-c57-image\" alt=\"\" \/>\n                    <div class=\"h-image__frame h-hide-sm style-491-frameImage style-local-12411-c57-frameImage\"><\/div>\n                  <\/div>\n                <\/div>\n              <\/div>\n            <\/div>\n          <\/div>\n        <\/div>\n      <\/div>\n    <\/div>\n  <\/div>\n<\/div>\n<\/div>","protected":false},"excerpt":{"rendered":"<p>feng shui traditionnel. Le feng shui traditionnel&nbsp; Formez vous aux bases du&nbsp; feng shui par les m\u00e9thodes enseign\u00e9es dans les meilleures \u00e9coles des m\u00e9thodes de San He et San Yuan de Ta\u00efwan et de Malaisie.&nbsp; Read more le feng shui authentique&nbsp; Apprenez le Feng Shui authentique chinois et devenez un v\u00e9ritable professionnel du feng shui, [&hellip;]<\/p>\n","protected":false},"author":1,"featured_media":0,"parent":0,"menu_order":0,"comment_status":"closed","ping_status":"closed","template":"page-templates\/full-width-page.php","meta":{"footnotes":""},"class_list":["post-12411","page","type-page","status-publish","hentry"],"_links":{"self":[{"href":"http:\/\/fengshui-chinois-conseils.com\/index.php\/wp-json\/wp\/v2\/pages\/12411","targetHints":{"allow":["GET"]}}],"collection":[{"href":"http:\/\/fengshui-chinois-conseils.com\/index.php\/wp-json\/wp\/v2\/pages"}],"about":[{"href":"http:\/\/fengshui-chinois-conseils.com\/index.php\/wp-json\/wp\/v2\/types\/page"}],"author":[{"embeddable":true,"href":"http:\/\/fengshui-chinois-conseils.com\/index.php\/wp-json\/wp\/v2\/users\/1"}],"replies":[{"embeddable":true,"href":"http:\/\/fengshui-chinois-conseils.com\/index.php\/wp-json\/wp\/v2\/comments?post=12411"}],"version-history":[{"count":2,"href":"http:\/\/fengshui-chinois-conseils.com\/index.php\/wp-json\/wp\/v2\/pages\/12411\/revisions"}],"predecessor-version":[{"id":15476,"href":"http:\/\/fengshui-chinois-conseils.com\/index.php\/wp-json\/wp\/v2\/pages\/12411\/revisions\/15476"}],"wp:attachment":[{"href":"http:\/\/fengshui-chinois-conseils.com\/index.php\/wp-json\/wp\/v2\/media?parent=12411"}],"curies":[{"name":"wp","href":"https:\/\/api.w.org\/{rel}","templated":true}]}}