{"id":12432,"date":"2023-03-09T06:36:00","date_gmt":"2023-03-09T04:36:00","guid":{"rendered":"http:\/\/fengshui-chinois-conseils.com\/?page_id=12432"},"modified":"2023-03-10T17:07:58","modified_gmt":"2023-03-10T15:07:58","slug":"audit-feng-shui","status":"publish","type":"page","link":"http:\/\/fengshui-chinois-conseils.com\/index.php\/audit-feng-shui\/","title":{"rendered":"Audit feng shui"},"content":{"rendered":"\n<p class=\"has-text-align-center\"><strong>L&rsquo;objectif AVANT AUDIT est d&rsquo;identifier les probl\u00e8mes avant toute action feng shui en r\u00e9alisant un PREAUDIT<\/strong>.<\/p>\n\n\n\n<h3 class=\"has-text-align-center wp-block-heading\" style=\"font-size:25px\">LE PREAUDIT DU FENG SHUI<\/h3>\n\n\n\n<p>Un m\u00e9decin qui vous ausculte a pour r\u00f4le de d\u00e9terminer l&rsquo;origine d&rsquo;une maladie, un ma\u00eetre en feng shui doit \u00eatre capable de faire de m\u00eame en expliquant la vie que vous avez eue dans votre maison en datant les divers \u00e9v\u00e8nements survenus pour les membres de la maisonn\u00e9e.<\/p>\n\n\n\n<p><strong> Il ne vous sera donn\u00e9 aucune pr\u00e9conisation<\/strong> \u00e0 ce niveau, c&rsquo;est juste un \u00ab\u00a0\u00e9tat des lieux\u00a0\u00bb qui vous dira si le feng shui peut \u00eatre am\u00e9lior\u00e9 dans votre logement, ou si le feng shui ne peut rien y faire.<\/p>\n\n\n\n<blockquote class=\"wp-block-quote is-layout-flow wp-block-quote-is-layout-flow\">\n<p style=\"font-size:15px\"><em>Cette phase est obligatoire car il est n\u00e9cessaire d&rsquo;identifier les probl\u00e8mes si l&rsquo;on veut y rem\u00e9dier. Si vous \u00e9noncez les probl\u00e8mes avant intervention feng shui, pas certain que votre intervenant trouve l&rsquo;origine du probl\u00e8me et applique les bonnes solutions feng shui.<\/em><\/p>\n<\/blockquote>\n\n\n<div class=\"wp-block-image is-style-default\">\n<figure class=\"aligncenter size-large\"><img loading=\"lazy\" decoding=\"async\" width=\"1024\" height=\"568\" src=\"http:\/\/fengshui-chinois-conseils.com\/wp-content\/uploads\/2023\/03\/audit-feng-shui-professionnel-1024x568.jpg\" alt=\"\" class=\"wp-image-12368\" srcset=\"http:\/\/fengshui-chinois-conseils.com\/wp-content\/uploads\/2023\/03\/audit-feng-shui-professionnel-1024x568.jpg 1024w, http:\/\/fengshui-chinois-conseils.com\/wp-content\/uploads\/2023\/03\/audit-feng-shui-professionnel-300x166.jpg 300w, http:\/\/fengshui-chinois-conseils.com\/wp-content\/uploads\/2023\/03\/audit-feng-shui-professionnel-768x426.jpg 768w, http:\/\/fengshui-chinois-conseils.com\/wp-content\/uploads\/2023\/03\/audit-feng-shui-professionnel.jpg 1157w\" sizes=\"auto, (max-width: 1024px) 100vw, 1024px\" \/><figcaption class=\"wp-element-caption\">.<\/figcaption><\/figure>\n<\/div>\n\n\n<p>Avec les moyens techniques actuels, si la couverture GPS de votre r\u00e9gion est correcte, bon nombre de pr\u00e9audits peuvent se r\u00e9aliser avec les moyens GPS modernes, parfois il sera n\u00e9cessaire de se d\u00e9placer pour confirmer certaines donn\u00e9es, mais dans le cas d&rsquo;un pr\u00e9audit, si vous confirmez ce que votre intervenant vous explique sur votre maison, c&rsquo;est que les mesures GPS sont conformes \u00e0 la r\u00e9alit\u00e9 du terrain.<\/p>\n\n\n\n<p class=\"has-text-align-center\"><strong>Cette phase est factur\u00e9e et sera d\u00e9duite de tarif de l&rsquo;audit complet.<\/strong><\/p>\n\n\n\n<p class=\"has-white-color has-text-color\">.<\/p>\n\n\n\n<p class=\"has-text-align-center\"><\/p>\n\n\n\n<p>Que devez-vous fournir&nbsp;? si votre r\u00e9gion est bien couverte et il est n\u00e9cessaire de fournir tout indication permettant de situer votre maison par GPS.<\/p>\n\n\n\n<ol class=\"wp-block-list\" type=\"1\">\n<li>Adresse compl\u00e8te. V\u00e9rifiez si l\u2019adresse fournie arrive bien sur votre maison avec google ou autre GPS.<\/li>\n\n\n\n<li>Une photo de votre fa\u00e7ade o\u00f9 se trouve la porte d\u2019entr\u00e9e de votre maison.<\/li>\n\n\n\n<li>Identification et date de naissance des personnes vivant dans cette maison.<\/li>\n\n\n\n<li>Votre num\u00e9ro de t\u00e9l\u00e9phone.<\/li>\n<\/ol>\n\n\n\n<blockquote class=\"wp-block-quote is-layout-flow wp-block-quote-is-layout-flow\">\n<p><\/p>\n<\/blockquote>\n\n\n\n<div class=\"wp-block-buttons is-horizontal is-content-justification-center is-layout-flex wp-container-core-buttons-is-layout-499968f5 wp-block-buttons-is-layout-flex\">\n<div class=\"wp-block-button is-style-outline is-style-outline--1\"><a class=\"wp-block-button__link wp-element-button\" href=\"http:\/\/www.fengshui-chinois-conseils.com\/#contact\" target=\"_blank\" rel=\"http:\/\/www.fengshui-chinois-conseils.com\/#contact noopener\">Demander un pr\u00e9audit<\/a><\/div>\n<\/div>\n\n\n\n<p class=\"has-white-color has-text-color\">.<\/p>\n\n\n\n<hr class=\"wp-block-separator has-alpha-channel-opacity is-style-dots\"\/>\n\n\n\n<h3 class=\"has-text-align-center wp-block-heading\" style=\"font-size:25px\">L&rsquo;AUDIT FENG SHUI<\/h3>\n\n\n\n<p>L&rsquo;audit complet avec pr\u00e9conisations sera r\u00e9alis\u00e9 \u00e0 votre demande si le feng shui a une solution \u00e0 votre cas. Tout audit n\u00e9cessite un d\u00e9placement, obligatoire pour valider les hypoth\u00e8ses \u00e9voqu\u00e9es lors du pr\u00e9audit. Nous validerons ensemble les modifications n\u00e9cessaires \u00e0 votre \u00e9volution.<\/p>\n\n\n<div class=\"wp-block-image\">\n<figure class=\"aligncenter size-full is-resized\"><img loading=\"lazy\" decoding=\"async\" src=\"http:\/\/fengshui-chinois-conseils.com\/wp-content\/uploads\/2020\/10\/porte-feng-shui.jpg\" alt=\"\" class=\"wp-image-11194\" width=\"435\" height=\"581\" srcset=\"http:\/\/fengshui-chinois-conseils.com\/wp-content\/uploads\/2020\/10\/porte-feng-shui.jpg 340w, http:\/\/fengshui-chinois-conseils.com\/wp-content\/uploads\/2020\/10\/porte-feng-shui-225x300.jpg 225w\" sizes=\"auto, (max-width: 435px) 100vw, 435px\" \/><figcaption class=\"wp-element-caption\">.<\/figcaption><\/figure>\n<\/div>\n\n\n<div class=\"wp-block-buttons is-horizontal is-content-justification-center is-layout-flex wp-container-core-buttons-is-layout-499968f5 wp-block-buttons-is-layout-flex\">\n<div class=\"wp-block-button is-style-outline is-style-outline--2\"><a class=\"wp-block-button__link wp-element-button\" href=\"http:\/\/www.fengshui-chinois-conseils.com\/#contact\" target=\"_blank\" rel=\"http:\/\/www.fengshui-chinois-conseils.com\/#contact noopener\">Demander un audit <\/a><\/div>\n<\/div>\n\n\n\n<hr class=\"wp-block-separator has-alpha-channel-opacity is-style-dots\"\/>\n\n\n\n<p class=\"has-white-color has-text-color\">.<\/p>\n\n\n\n<h3 class=\"has-text-align-center wp-block-heading\" style=\"font-size:25px\">VOUS CHERCHEZ UN LOGEMENT, UN TERRAIN A CONSTRUIRE.<\/h3>\n\n\n\n<p>Le feng shui commence par une recherche d&#8217;emplacement, c&rsquo;est cet emplacement qui va d\u00e9terminer la qualit\u00e9 des \u00e9nergies que vous allez capter. Si vous imposez une maison, un terrain pour construire que vous avez d\u00e9j\u00e0 choisi, le ma\u00eetre en feng shui ne pourra que faire au mieux sur ce site. <\/p>\n\n\n\n<p>Cette recherche rentre dans le cadre du pr\u00e9audit, o\u00f9 il ne sera pas fait de rapport complet, mais vous aurez une <strong>r\u00e9ponse oui ou non et la ou les raisons de cet avis<\/strong>, pour acheter ou d\u00e9laisser ce bien. Un d\u00e9placement sera n\u00e9cessaire pour valider la d\u00e9cision avant investissement.<\/p>\n\n\n\n<blockquote class=\"wp-block-quote is-layout-flow wp-block-quote-is-layout-flow\">\n<p style=\"font-size:14px\"><em>La tradition dit qu&rsquo;un ma\u00eetre en feng shui est \u00e0 l&rsquo;image d&rsquo;un tailleur \u00e0 qui vous donnez un morceau d&rsquo;\u00e9toffe, auquel vous demandez de vous y faire le plus beau costume. Si l&rsquo;\u00e9toffe est de qualit\u00e9 il aura la mati\u00e8re pour faire ce bon travail, sinon il ne fera que ce qu&rsquo;il pourra.<\/em><\/p>\n<\/blockquote>\n\n\n\n<p><\/p>\n\n\n<div class=\"wp-block-image\">\n<figure class=\"aligncenter size-full\"><img loading=\"lazy\" decoding=\"async\" width=\"966\" height=\"595\" src=\"http:\/\/fengshui-chinois-conseils.com\/wp-content\/uploads\/2023\/03\/audit-feng-shui-paris-evreux.jpg\" alt=\"\" class=\"wp-image-12391\" srcset=\"http:\/\/fengshui-chinois-conseils.com\/wp-content\/uploads\/2023\/03\/audit-feng-shui-paris-evreux.jpg 966w, http:\/\/fengshui-chinois-conseils.com\/wp-content\/uploads\/2023\/03\/audit-feng-shui-paris-evreux-300x185.jpg 300w, http:\/\/fengshui-chinois-conseils.com\/wp-content\/uploads\/2023\/03\/audit-feng-shui-paris-evreux-768x473.jpg 768w\" sizes=\"auto, (max-width: 966px) 100vw, 966px\" \/><figcaption class=\"wp-element-caption\">.<\/figcaption><\/figure>\n<\/div>\n\n\n<div class=\"wp-block-buttons is-horizontal is-content-justification-center is-layout-flex wp-container-core-buttons-is-layout-499968f5 wp-block-buttons-is-layout-flex\">\n<div class=\"wp-block-button is-style-outline is-style-outline--3\"><a class=\"wp-block-button__link wp-element-button\" href=\"http:\/\/www.fengshui-chinois-conseils.com\/#contact\" target=\"_blank\" rel=\"http:\/\/www.fengshui-chinois-conseils.com\/#contact noopener\">Demander un avis<\/a><\/div>\n<\/div>\n\n\n\n<hr class=\"wp-block-separator has-alpha-channel-opacity is-style-dots\"\/>\n\n\n\n<h2 class=\"has-text-align-center wp-block-heading\">CHANGER DE TRAVAIL, DE LOGEMENT.<\/h2>\n\n\n\n<p>Le feng shui agit au prorata du temps pass\u00e9 dans un endroit et votre lieu de travail est un site dans lequel vous y passez une bonne partie de votre journ\u00e9e, c&rsquo;est donc un \u00e9l\u00e9ment \u00e0 prendre s\u00e9rieusement en compte. Un mauvais feng shui sur votre lieu de travail sera \u00e0 l&rsquo;image de votre r\u00e9ussite au sein de cette entreprise, il est impossible de le modifier sauf si votre employeur est sensible au feng shui. <\/p>\n\n\n\n<p>Par contre il faut savoir qu&rsquo;une dynamique se cr\u00e9\u00e9 entre deux lieux de vie et <strong>si vous envisagez un changement de travail ou de logement<\/strong>, cette dynamique sera modifi\u00e9e en bon ou en mauvais. C&rsquo;est ainsi que que vous faites le constat de gens \u00e9voluant plus ou moins bien \u00e0 comp\u00e9tence \u00e9gales.<\/p>\n\n\n\n<p>Demander un avis avant tout changement, vous mettra en avant naturellement dans le cadre de votre travail.<\/p>\n\n\n\n<figure class=\"wp-block-image size-large\"><img loading=\"lazy\" decoding=\"async\" width=\"1024\" height=\"617\" src=\"http:\/\/fengshui-chinois-conseils.com\/wp-content\/uploads\/2023\/03\/audit-feng-shui-professionnel-normandie-1024x617.jpg\" alt=\"\" class=\"wp-image-12392\" srcset=\"http:\/\/fengshui-chinois-conseils.com\/wp-content\/uploads\/2023\/03\/audit-feng-shui-professionnel-normandie-1024x617.jpg 1024w, http:\/\/fengshui-chinois-conseils.com\/wp-content\/uploads\/2023\/03\/audit-feng-shui-professionnel-normandie-300x181.jpg 300w, http:\/\/fengshui-chinois-conseils.com\/wp-content\/uploads\/2023\/03\/audit-feng-shui-professionnel-normandie-768x463.jpg 768w, http:\/\/fengshui-chinois-conseils.com\/wp-content\/uploads\/2023\/03\/audit-feng-shui-professionnel-normandie.jpg 1076w\" sizes=\"auto, (max-width: 1024px) 100vw, 1024px\" \/><figcaption class=\"wp-element-caption\">.<\/figcaption><\/figure>\n\n\n\n<div class=\"wp-block-buttons is-horizontal is-content-justification-center is-layout-flex wp-container-core-buttons-is-layout-499968f5 wp-block-buttons-is-layout-flex\">\n<div class=\"wp-block-button is-style-outline is-style-outline--4\"><a class=\"wp-block-button__link wp-element-button\" href=\"http:\/\/www.fengshui-chinois-conseils.com\/#contact\" target=\"_blank\" rel=\"http:\/\/www.fengshui-chinois-conseils.com\/#contact noopener\">Demander un avis<\/a><\/div>\n<\/div>\n\n\n\n<hr class=\"wp-block-separator has-alpha-channel-opacity is-style-dots\"\/>\n\n\n\n<h2 class=\"has-text-align-center wp-block-heading\">LA SELECTION DE DATES<\/h2>\n\n\n\n<p>Tout emm\u00e9nagement, toute cr\u00e9ation d&rsquo;entreprise, tout acte de prise de d\u00e9cision, n\u00e9cessite une bonne date qui agit comme une date de naissance. C&rsquo;est ainsi que certaines personnes naissant \u00e0 une certaine date, \u00e0 un certain endroit auront un potentiel plus ou moins \u00e9lev\u00e9 en fonction de cette corr\u00e9lation du feng shui de l&rsquo;endroit et de la personne. Le principe est le m\u00eame pour tout acte d&rsquo;installation dans un endroit.<\/p>\n\n\n\n<blockquote class=\"wp-block-quote is-layout-flow wp-block-quote-is-layout-flow\">\n<p>Il faut savoir que toutes les grandes entreprises du CAC 40 v\u00e9rifi\u00e9es ont eu une bonne date de cr\u00e9ation vis \u00e0 vis du feng shui du site. Il en est de m\u00eame pour les maisons-bonheur.<\/p>\n<\/blockquote>\n\n\n<div class=\"wp-block-image\">\n<figure class=\"aligncenter size-full\"><img loading=\"lazy\" decoding=\"async\" width=\"559\" height=\"355\" src=\"http:\/\/fengshui-chinois-conseils.com\/wp-content\/uploads\/2023\/03\/selection-de-dates-feng-shui.jpg\" alt=\"\" class=\"wp-image-12390\" srcset=\"http:\/\/fengshui-chinois-conseils.com\/wp-content\/uploads\/2023\/03\/selection-de-dates-feng-shui.jpg 559w, http:\/\/fengshui-chinois-conseils.com\/wp-content\/uploads\/2023\/03\/selection-de-dates-feng-shui-300x191.jpg 300w\" sizes=\"auto, (max-width: 559px) 100vw, 559px\" \/><figcaption class=\"wp-element-caption\">.<\/figcaption><\/figure>\n<\/div>\n\n\n<div class=\"wp-block-buttons is-horizontal is-content-justification-center is-layout-flex wp-container-core-buttons-is-layout-499968f5 wp-block-buttons-is-layout-flex\">\n<div class=\"wp-block-button is-style-outline is-style-outline--5\"><a class=\"wp-block-button__link wp-element-button\" href=\"http:\/\/fengshui-chinois-conseils.com\/\">Demander une s\u00e9lection de dates<\/a><\/div>\n<\/div>\n\n\n\n<p class=\"has-white-color has-text-color\">.<\/p>\n\n\n\n<div class=\"wp-block-buttons is-horizontal is-content-justification-center is-layout-flex wp-container-core-buttons-is-layout-499968f5 wp-block-buttons-is-layout-flex\">\n<div class=\"wp-block-button is-style-outline is-style-outline--6\"><a class=\"wp-block-button__link wp-element-button\" href=\"http:\/\/fengshui-chinois-conseils.com\/\">Retour<\/a><\/div>\n<\/div>\n","protected":false},"excerpt":{"rendered":"<p>L&rsquo;objectif AVANT AUDIT est d&rsquo;identifier les probl\u00e8mes avant toute action feng shui en r\u00e9alisant un PREAUDIT. LE PREAUDIT DU FENG SHUI Un m\u00e9decin qui vous ausculte a pour r\u00f4le de d\u00e9terminer l&rsquo;origine d&rsquo;une maladie, un ma\u00eetre en feng shui doit \u00eatre capable de faire de m\u00eame en expliquant la vie que vous avez eue dans [&hellip;]<\/p>\n","protected":false},"author":1,"featured_media":0,"parent":0,"menu_order":0,"comment_status":"closed","ping_status":"closed","template":"","meta":{"footnotes":""},"class_list":["post-12432","page","type-page","status-publish","hentry"],"_links":{"self":[{"href":"http:\/\/fengshui-chinois-conseils.com\/index.php\/wp-json\/wp\/v2\/pages\/12432","targetHints":{"allow":["GET"]}}],"collection":[{"href":"http:\/\/fengshui-chinois-conseils.com\/index.php\/wp-json\/wp\/v2\/pages"}],"about":[{"href":"http:\/\/fengshui-chinois-conseils.com\/index.php\/wp-json\/wp\/v2\/types\/page"}],"author":[{"embeddable":true,"href":"http:\/\/fengshui-chinois-conseils.com\/index.php\/wp-json\/wp\/v2\/users\/1"}],"replies":[{"embeddable":true,"href":"http:\/\/fengshui-chinois-conseils.com\/index.php\/wp-json\/wp\/v2\/comments?post=12432"}],"version-history":[{"count":2,"href":"http:\/\/fengshui-chinois-conseils.com\/index.php\/wp-json\/wp\/v2\/pages\/12432\/revisions"}],"predecessor-version":[{"id":12526,"href":"http:\/\/fengshui-chinois-conseils.com\/index.php\/wp-json\/wp\/v2\/pages\/12432\/revisions\/12526"}],"wp:attachment":[{"href":"http:\/\/fengshui-chinois-conseils.com\/index.php\/wp-json\/wp\/v2\/media?parent=12432"}],"curies":[{"name":"wp","href":"https:\/\/api.w.org\/{rel}","templated":true}]}}