{"id":12486,"date":"2023-03-09T15:12:06","date_gmt":"2023-03-09T13:12:06","guid":{"rendered":"http:\/\/fengshui-chinois-conseils.com\/?page_id=12486"},"modified":"2023-03-09T15:12:06","modified_gmt":"2023-03-09T13:12:06","slug":"la-medecine-chinoise-et-le-feng-shui","status":"publish","type":"page","link":"http:\/\/fengshui-chinois-conseils.com\/index.php\/la-medecine-chinoise-et-le-feng-shui\/","title":{"rendered":"La m\u00e9decine chinoise et le feng shui"},"content":{"rendered":"\n<div class=\"wp-block-columns is-layout-flex wp-container-core-columns-is-layout-9d6595d7 wp-block-columns-is-layout-flex\">\n<div class=\"wp-block-column is-layout-flow wp-block-column-is-layout-flow\">\n<p>Les formations traditionnelles du feng shui abordent tr\u00e8s bri\u00e8vement le lien entre la m\u00e9decine chinoise et les analyses de feng shui.<\/p>\n\n\n\n<p>En allant plus au fond de cette discipline vous allez comprendre la pathologie propre \u00e0 chaque m\u00e9ridien de m\u00e9decine chinoise et les affections li\u00e9es au feng shui et \u00e0 l&rsquo;action du temps.<\/p>\n\n\n\n<p>Des notions indispensables pour bien ma\u00eetriser cet aspect de la sant\u00e9 dans toute analyse de feng shui.<\/p>\n<\/div>\n\n\n\n<div class=\"wp-block-column is-vertically-aligned-top is-layout-flow wp-block-column-is-layout-flow\"><div class=\"wp-block-image\">\n<figure class=\"aligncenter size-full is-resized\"><img loading=\"lazy\" decoding=\"async\" src=\"http:\/\/fengshui-chinois-conseils.com\/wp-content\/uploads\/2016\/08\/feng-shui-et-medecine-sant\u00e9.jpg\" alt=\"\" class=\"wp-image-5816\" width=\"270\" height=\"385\" srcset=\"http:\/\/fengshui-chinois-conseils.com\/wp-content\/uploads\/2016\/08\/feng-shui-et-medecine-sant\u00e9.jpg 316w, http:\/\/fengshui-chinois-conseils.com\/wp-content\/uploads\/2016\/08\/feng-shui-et-medecine-sant\u00e9-211x300.jpg 211w, http:\/\/fengshui-chinois-conseils.com\/wp-content\/uploads\/2016\/08\/feng-shui-et-medecine-sant\u00e9-300x427.jpg 300w\" sizes=\"auto, (max-width: 270px) 100vw, 270px\" \/><\/figure>\n<\/div><\/div>\n<\/div>\n\n\n\n<p>Cette formation s&rsquo;adresse \u00e0 des pratiquants confirm\u00e9s.<\/p>\n\n\n\n<h3 class=\"has-text-align-center wp-block-heading\">Dur\u00e9e de la formation: 2 jours<\/h3>\n\n\n\n<div class=\"wp-block-buttons is-horizontal is-content-justification-center is-layout-flex wp-container-core-buttons-is-layout-499968f5 wp-block-buttons-is-layout-flex\">\n<div class=\"wp-block-button is-style-outline is-style-outline--1\"><a class=\"wp-block-button__link wp-element-button\" href=\"http:\/\/www.fengshui-chinois-conseils.com\/#contact\" target=\"_blank\" rel=\"http:\/\/www.fengshui-chinois-conseils.com\/#contact noopener\">Demander une formation<\/a><\/div>\n<\/div>\n","protected":false},"excerpt":{"rendered":"<p>Les formations traditionnelles du feng shui abordent tr\u00e8s bri\u00e8vement le lien entre la m\u00e9decine chinoise et les analyses de feng shui. En allant plus au fond de cette discipline vous allez comprendre la pathologie propre \u00e0 chaque m\u00e9ridien de m\u00e9decine chinoise et les affections li\u00e9es au feng shui et \u00e0 l&rsquo;action du temps. Des notions [&hellip;]<\/p>\n","protected":false},"author":1,"featured_media":0,"parent":0,"menu_order":0,"comment_status":"closed","ping_status":"closed","template":"","meta":{"footnotes":""},"class_list":["post-12486","page","type-page","status-publish","hentry"],"_links":{"self":[{"href":"http:\/\/fengshui-chinois-conseils.com\/index.php\/wp-json\/wp\/v2\/pages\/12486","targetHints":{"allow":["GET"]}}],"collection":[{"href":"http:\/\/fengshui-chinois-conseils.com\/index.php\/wp-json\/wp\/v2\/pages"}],"about":[{"href":"http:\/\/fengshui-chinois-conseils.com\/index.php\/wp-json\/wp\/v2\/types\/page"}],"author":[{"embeddable":true,"href":"http:\/\/fengshui-chinois-conseils.com\/index.php\/wp-json\/wp\/v2\/users\/1"}],"replies":[{"embeddable":true,"href":"http:\/\/fengshui-chinois-conseils.com\/index.php\/wp-json\/wp\/v2\/comments?post=12486"}],"version-history":[{"count":2,"href":"http:\/\/fengshui-chinois-conseils.com\/index.php\/wp-json\/wp\/v2\/pages\/12486\/revisions"}],"predecessor-version":[{"id":12488,"href":"http:\/\/fengshui-chinois-conseils.com\/index.php\/wp-json\/wp\/v2\/pages\/12486\/revisions\/12488"}],"wp:attachment":[{"href":"http:\/\/fengshui-chinois-conseils.com\/index.php\/wp-json\/wp\/v2\/media?parent=12486"}],"curies":[{"name":"wp","href":"https:\/\/api.w.org\/{rel}","templated":true}]}}