{"id":15144,"date":"2024-10-25T13:07:07","date_gmt":"2024-10-25T11:07:07","guid":{"rendered":"http:\/\/fengshui-chinois-conseils.com\/?page_id=15144"},"modified":"2024-10-26T14:48:31","modified_gmt":"2024-10-26T12:48:31","slug":"le-feng-shui-et-le-foot-ball","status":"publish","type":"page","link":"http:\/\/fengshui-chinois-conseils.com\/index.php\/le-feng-shui-et-le-foot-ball\/","title":{"rendered":"Le feng shui et le foot ball"},"content":{"rendered":"<div data-colibri-id=\"15144-c1\" class=\"style-425 style-local-15144-c1 position-relative\">\r\n  <!---->\r\n  <div data-colibri-component=\"section\" data-colibri-id=\"15144-c2\" id=\"custom\" class=\"h-section h-section-global-spacing d-flex align-items-lg-center align-items-md-center align-items-center style-430 style-local-15144-c2 position-relative\">\r\n    <!---->\r\n    <!---->\r\n    <div class=\"h-section-grid-container h-section-boxed-container\">\r\n      <!---->\r\n      <div data-colibri-id=\"15144-c3\" class=\"h-row-container gutters-row-lg-2 gutters-row-md-2 gutters-row-0 gutters-row-v-lg-2 gutters-row-v-md-2 gutters-row-v-2 style-439 style-local-15144-c3 position-relative\">\r\n        <!---->\r\n        <div class=\"h-row justify-content-lg-center justify-content-md-center justify-content-center align-items-lg-stretch align-items-md-stretch align-items-stretch gutters-col-lg-2 gutters-col-md-2 gutters-col-0 gutters-col-v-lg-2 gutters-col-v-md-2 gutters-col-v-2\">\r\n          <!---->\r\n          <div class=\"h-column h-column-container d-flex h-col-lg-auto h-col-md-auto h-col-auto style-440-outer style-local-15144-c4-outer\">\r\n            <div data-colibri-id=\"15144-c4\" class=\"d-flex h-flex-basis h-column__inner h-px-lg-2 h-px-md-2 h-px-2 v-inner-lg-2 v-inner-md-2 v-inner-2 style-440 style-local-15144-c4 position-relative\">\r\n              <!---->\r\n              <!---->\r\n              <div class=\"w-100 h-y-container h-column__content h-column__v-align flex-basis-100 align-self-lg-start align-self-md-start align-self-start\">\r\n                <!---->\r\n                <div data-colibri-id=\"15144-c5\" class=\"h-text h-text-component style-434 style-local-15144-c5 position-relative h-element\">\r\n                  <!---->\r\n                  <!---->\r\n                  <div class=\"\">\r\n                    <p>Tout entrepreneur, tout investisseur est rempli de bonne volont\u00e9, certains ont de la r\u00e9ussite, d&rsquo;autres non. La diff\u00e9rence r\u00e9side dans la qualit\u00e9 du feng shui de leur entreprise qui est un v\u00e9ritable facilitateur. Le domaine du football\r\n                      n&rsquo;\u00e9chappe pas \u00e0 cette r\u00e8gle.&nbsp;<\/p>\r\n                    <p>Le feng shui est tributaire de plusieurs crit\u00e8res:<\/p>\r\n                  <\/div>\r\n                <\/div>\r\n              <\/div>\r\n            <\/div>\r\n          <\/div>\r\n        <\/div>\r\n      <\/div>\r\n      <div data-colibri-id=\"15144-c6\" class=\"h-row-container gutters-row-lg-2 gutters-row-md-2 gutters-row-0 gutters-row-v-lg-2 gutters-row-v-md-2 gutters-row-v-2 style-431 style-local-15144-c6 position-relative\">\r\n        <!---->\r\n        <div class=\"h-row justify-content-lg-center justify-content-md-center justify-content-center align-items-lg-stretch align-items-md-stretch align-items-stretch gutters-col-lg-2 gutters-col-md-2 gutters-col-0 gutters-col-v-lg-2 gutters-col-v-md-2 gutters-col-v-2\">\r\n          <!---->\r\n          <div class=\"h-column h-column-container d-flex h-col-lg-auto h-col-md-auto h-col-auto style-432-outer style-local-15144-c7-outer\">\r\n            <div data-colibri-id=\"15144-c7\" class=\"d-flex h-flex-basis h-column__inner h-px-lg-2 h-px-md-2 h-px-2 v-inner-lg-2 v-inner-md-2 v-inner-2 style-432 style-local-15144-c7 position-relative\">\r\n              <!---->\r\n              <!---->\r\n              <div class=\"w-100 h-y-container h-column__content h-column__v-align flex-basis-100 align-self-lg-start align-self-md-start align-self-start\">\r\n                <!---->\r\n                <div data-colibri-id=\"15144-c8\" class=\"h-lead h-text h-text-component style-437 style-local-15144-c8 position-relative h-element\">\r\n                  <!---->\r\n                  <!---->\r\n                  <div class=\"\">\r\n                    <p>Pour qu&rsquo;une \u00e9quipe soit \u00e0 l&rsquo;optimum de ses r\u00e9sultats, il suffit d&rsquo;avoir ses membres en accord avec la qualit\u00e9 de feng shui du stade, son lieu de travail.<\/p>\r\n                  <\/div>\r\n                <\/div>\r\n              <\/div>\r\n            <\/div>\r\n          <\/div>\r\n          <div class=\"h-column h-column-container d-flex h-col-lg-auto h-col-md-auto h-col-auto style-433-outer style-local-15144-c9-outer\">\r\n            <div data-colibri-id=\"15144-c9\" class=\"d-flex h-flex-basis h-column__inner h-px-lg-2 h-px-md-2 h-px-2 v-inner-lg-2 v-inner-md-2 v-inner-2 style-433 style-local-15144-c9 position-relative\">\r\n              <!---->\r\n              <!---->\r\n              <div class=\"w-100 h-y-container h-column__content h-column__v-align flex-basis-100 align-self-lg-start align-self-md-start align-self-start\">\r\n                <!---->\r\n                <div data-colibri-id=\"15144-c10\" class=\"h-text h-text-component style-438 style-local-15144-c10 position-relative h-element\">\r\n                  <!---->\r\n                  <!---->\r\n                  <div class=\"\">\r\n                    <p>Etre en accord avec le feng shui d&rsquo;un stade c&rsquo;est y avoir de la r\u00e9ussite, ne pas \u00eatre en accord avec ce feng shui emp\u00eachera un joueur, un coach d&rsquo;y exprimer son potentiel. C&rsquo;est la porte ouverte aux mauvaises performances et aux blessures.<\/p>\r\n                  <\/div>\r\n                <\/div>\r\n              <\/div>\r\n            <\/div>\r\n          <\/div>\r\n        <\/div>\r\n      <\/div>\r\n      <div data-colibri-id=\"15144-c11\" class=\"h-row-container gutters-row-lg-2 gutters-row-md-2 gutters-row-0 gutters-row-v-lg-2 gutters-row-v-md-2 gutters-row-v-2 style-435 style-local-15144-c11 position-relative\">\r\n        <!---->\r\n        <div class=\"h-row justify-content-lg-center justify-content-md-center justify-content-center align-items-lg-stretch align-items-md-stretch align-items-stretch gutters-col-lg-2 gutters-col-md-2 gutters-col-0 gutters-col-v-lg-2 gutters-col-v-md-2 gutters-col-v-2\">\r\n          <!---->\r\n          <div class=\"h-column h-column-container d-flex h-col-lg-auto h-col-md-auto h-col-auto style-436-outer style-local-15144-c12-outer\">\r\n            <div data-colibri-id=\"15144-c12\" class=\"d-flex h-flex-basis h-column__inner h-ui-empty-state-container h-px-lg-2 h-px-md-2 h-px-2 v-inner-lg-2 v-inner-md-2 v-inner-2 style-436 style-local-15144-c12 position-relative\">\r\n              <!---->\r\n              <!---->\r\n              <div class=\"w-100 h-y-container h-column__content h-column__v-align flex-basis-100\">\r\n                <!---->\r\n              <\/div>\r\n            <\/div>\r\n          <\/div>\r\n        <\/div>\r\n      <\/div>\r\n    <\/div>\r\n  <\/div>\r\n<\/div>","protected":false},"excerpt":{"rendered":"<p>Tout entrepreneur, tout investisseur est rempli de bonne volont\u00e9, certains ont de la r\u00e9ussite, d&rsquo;autres non. La diff\u00e9rence r\u00e9side dans la qualit\u00e9 du feng shui de leur entreprise qui est un v\u00e9ritable facilitateur. Le domaine du football n&rsquo;\u00e9chappe pas \u00e0 cette r\u00e8gle.&nbsp; Le feng shui est tributaire de plusieurs crit\u00e8res: Pour qu&rsquo;une \u00e9quipe soit \u00e0 [&hellip;]<\/p>\n","protected":false},"author":1,"featured_media":0,"parent":0,"menu_order":0,"comment_status":"closed","ping_status":"closed","template":"page-templates\/full-width-page.php","meta":{"footnotes":""},"class_list":["post-15144","page","type-page","status-publish","hentry"],"_links":{"self":[{"href":"http:\/\/fengshui-chinois-conseils.com\/index.php\/wp-json\/wp\/v2\/pages\/15144","targetHints":{"allow":["GET"]}}],"collection":[{"href":"http:\/\/fengshui-chinois-conseils.com\/index.php\/wp-json\/wp\/v2\/pages"}],"about":[{"href":"http:\/\/fengshui-chinois-conseils.com\/index.php\/wp-json\/wp\/v2\/types\/page"}],"author":[{"embeddable":true,"href":"http:\/\/fengshui-chinois-conseils.com\/index.php\/wp-json\/wp\/v2\/users\/1"}],"replies":[{"embeddable":true,"href":"http:\/\/fengshui-chinois-conseils.com\/index.php\/wp-json\/wp\/v2\/comments?post=15144"}],"version-history":[{"count":7,"href":"http:\/\/fengshui-chinois-conseils.com\/index.php\/wp-json\/wp\/v2\/pages\/15144\/revisions"}],"predecessor-version":[{"id":15331,"href":"http:\/\/fengshui-chinois-conseils.com\/index.php\/wp-json\/wp\/v2\/pages\/15144\/revisions\/15331"}],"wp:attachment":[{"href":"http:\/\/fengshui-chinois-conseils.com\/index.php\/wp-json\/wp\/v2\/media?parent=15144"}],"curies":[{"name":"wp","href":"https:\/\/api.w.org\/{rel}","templated":true}]}}